{"id":294,"date":"2015-03-09T02:18:45","date_gmt":"2015-03-09T02:18:45","guid":{"rendered":"https:\/\/sumplast.com\/?page_id=294"},"modified":"2026-05-07T00:16:29","modified_gmt":"2026-05-07T04:16:29","slug":"strona-glowna","status":"publish","type":"page","link":"https:\/\/sumplast.com\/pl\/","title":{"rendered":"STRONA G\u0141\u00d3WNA"},"content":{"rendered":"<p>[vc_row full_content_width=&#8221;row-inner-full&#8221; bg_cover=&#8221;cover&#8221; bg_repeat=&#8221;no-repeat&#8221; bg_position=&#8221;Center top&#8221; font_weight=&#8221;bold&#8221; textalign=&#8221;center&#8221; top=&#8221;0px&#8221; bottom=&#8221;0px&#8221; row_mobile_style=&#8221;ipad_full_width&#8221; bg_color=&#8221;#ffffff&#8221; font_color=&#8221;#444751&#8243; bg_image=&#8221;55&#8243;][vc_column css=&#8221;.vc_custom_1611715755019{padding-top: 250px !important;padding-bottom: 250px !important;}&#8221;][vc_column_text]<\/p>\n<h1 style=\"font-size: 48px; font-weight: bold; line-height: 1.2; margin: 0 0 16px 0;\">Produkty dla zwierz\u0105t stworzone z my\u015bl\u0105 o zwierz\u0119tach.<\/h1>\n<p style=\"font-size: 18px; line-height: 1.6; margin: 0; text-align: center; max-width: 600px; margin-left: auto; margin-right: auto;\">Akcesoria dla zwierz\u0105t produkowane w Europie dla hurtownik\u00f3w, dystrybutor\u00f3w i importer\u00f3w na ca\u0142ym \u015bwiecie \u2014 wykonane z trosk\u0105, dostarczane na skal\u0119.<\/p>\n<p>[\/vc_column_text][\/vc_column][\/vc_row][vc_row bg_color=&#8221;#3a3a3a&#8221;][vc_column width=&#8221;1\/4&#8243;][vc_column_text]<\/p>\n<p style=\"font-size: 20px; font-weight: bold; margin: 0 0 6px 0; color: #ffffff;\">Za\u0142o\u017cona w 1974 roku<\/p>\n<p style=\"font-size: 15px; line-height: 1.6; margin: 0; color: rgba(255,255,255,0.75);\">Ponad 50 lat produkcji rodzinnej w Katowicach.<\/p>\n<p>[\/vc_column_text][\/vc_column][vc_column width=&#8221;1\/4&#8243;][vc_column_text]<\/p>\n<p style=\"font-size: 20px; font-weight: bold; margin: 0 0 6px 0; color: #ffffff;\">Dostawa w ca\u0142ej Europie<\/p>\n<p style=\"font-size: 15px; line-height: 1.6; margin: 0; color: rgba(255,255,255,0.75);\">Mi\u0119dzy innymi Wielka Brytania, Niemcy, Czechy, S\u0142owacja, Litwa.<\/p>\n<p>[\/vc_column_text][\/vc_column][vc_column width=&#8221;1\/4&#8243;][vc_column_text]<\/p>\n<p style=\"font-size: 20px; font-weight: bold; margin: 0 0 6px 0; color: #ffffff;\">Ma\u0142e zamowienia<\/p>\n<p style=\"font-size: 15px; line-height: 1.6; margin: 0; color: rgba(255,255,255,0.75);\">Zacznij powoli, rozwijaj si\u0119 szybko.<\/p>\n<p>[\/vc_column_text][\/vc_column][vc_column width=&#8221;1\/4&#8243;][vc_column_text]<\/p>\n<p style=\"font-size: 20px; font-weight: bold; margin: 0 0 6px 0; color: #ffffff;\">Marka w\u0142asna<\/p>\n<p style=\"font-size: 15px; line-height: 1.6; margin: 0; color: rgba(255,255,255,0.75);\">Twoje logo, Twoja marka \u2014 realizowane we w\u0142asnym zakresie.<\/p>\n<p>[\/vc_column_text][\/vc_column][\/vc_row][vc_row top=&#8221;100px&#8221; bottom=&#8221;100px&#8221; row_mobile_style=&#8221;ipad_full_width&#8221;][vc_column width=&#8221;1\/6&#8243;][\/vc_column][vc_column width=&#8221;2\/3&#8243;][vc_separator style=&#8221;double&#8221; color=&#8221;#dddddd&#8221;][vc_empty_space height=&#8221;20px&#8221;][vc_column_text]<\/p>\n<p style=\"font-size: 18px; line-height: 1.8; margin: 0 0 16px 0; color: inherit;\">Za\u0142o\u017cyli\u015bmy Sum-Plast w 1974 roku, poniewa\u017c wierzyli\u015bmy, \u017ce zwierz\u0119ta zas\u0142uguj\u0105 na lepsze produkty \u2014 a firmy zoologiczne zas\u0142uguj\u0105 na dostawc\u0119, na kt\u00f3rym mog\u0105 polega\u0107. Pi\u0119\u0107 dekad p\u00f3\u017aniej nasza rodzinna fabryka w Katowicach robi dok\u0142adnie to samo: produkuje wysokiej jako\u015bci plastikowe artyku\u0142y dla zwierz\u0105t dla dystrybutor\u00f3w, hurtownik\u00f3w i importer\u00f3w, kt\u00f3rzy podzielaj\u0105 nasz\u0105 mi\u0142o\u015b\u0107 do zwierz\u0105t.<\/p>\n<p style=\"font-size: 18px; line-height: 1.8; margin: 0 0 16px 0; color: inherit;\">Nasze pachn\u0105ce zabawki z termoplastycznej gumy \u2014 bezpieczne, elastyczne i odporne na ka\u017cd\u0105 temperatur\u0119 \u2014 to jeden z naszych bestseller\u00f3w. Podobnie jak wszystkie nasze produkty, s\u0105 zaprojektowane z my\u015bl\u0105 o dobrostanie zwierz\u0119cia i satysfakcji Twojego klienta.<\/p>\n<p style=\"font-size: 18px; line-height: 1.8; margin: 0; font-weight: bold; color: inherit;\">Ka\u017cda miska, zabawka, karmnik i akcesorium, kt\u00f3re tworzymy, jest zaprojektowane z my\u015bl\u0105 o komforcie zwierz\u0119cia \u2014 i zaufaniu Twoich klient\u00f3w do Ciebie.<\/p>\n<p>[\/vc_column_text][\/vc_column][vc_column width=&#8221;1\/6&#8243;][\/vc_column][\/vc_row][vc_row][vc_column width=&#8221;1\/2&#8243;][vc_column_text]<\/p>\n<div style=\"background: #c8d5a3; border-radius: 8px; padding: 40px 35px;\">\n<p style=\"font-size: 28px; font-weight: bold; margin: 0 0 12px 0; color: #222222;\">Miski dla ps\u00f3w i kot\u00f3w<\/p>\n<p style=\"font-size: 17px; line-height: 1.7; margin: 0 0 20px 0; color: #444444;\">Antypo\u015blizgowe, \u0142atwe do mycia, i r\u00f3\u017cne style \u2014 dost\u0119pne w wielu rozmiarach dla ps\u00f3w, kot\u00f3w i ma\u0142ych zwierz\u0105t.<\/p>\n<p><a style=\"font-size: 15px; font-weight: bold; color: #222222;\" title=\"Pet bowls and feeders\" href=\"https:\/\/sumplast.com\/pl\/produkty\/miski-dla-psow-i-kotow\/\">Zobacz produkty\u2192<\/a><\/p>\n<\/div>\n<p>[\/vc_column_text][\/vc_column][vc_column width=&#8221;1\/2&#8243;][vc_column_text]<\/p>\n<div style=\"background: #f0c080; border-radius: 8px; padding: 40px 35px;\">\n<p style=\"font-size: 28px; font-weight: bold; margin: 0 0 12px 0; color: #222222;\">Zabawki dla ps\u00f3w i kot\u00f3w<\/p>\n<p style=\"font-size: 17px; line-height: 1.7; margin: 0 0 20px 0; color: #444444;\">Pachn\u0105ce gumowe ringi, pi\u0142ki, szarpaki i dyski \u2014 wytrzyma\u0142e w ka\u017cdej temperaturze, przez ca\u0142y rok.<\/p>\n<p><a style=\"font-size: 15px; font-weight: bold; color: #222222;\" title=\"Dog Toys - Thermoplastic Rubber\" href=\"https:\/\/sumplast.com\/pl\/produkty\/zabawki-zapachowe-dla-psow\/\">Zobacz produkty \u2192<\/a><\/p>\n<\/div>\n<p>[\/vc_column_text][\/vc_column][\/vc_row][vc_row][vc_column width=&#8221;1\/2&#8243;][vc_column_text]<\/p>\n<div style=\"background: #a3c4d5; border-radius: 8px; padding: 40px 35px;\">\n<p style=\"font-size: 28px; font-weight: bold; margin: 0 0 12px 0; color: #222222;\">Akcesoria dla kot\u00f3w<\/p>\n<p style=\"font-size: 17px; line-height: 1.7; margin: 0 0 20px 0; color: #444444;\">Kuwety, \u0142opatki i zabawki \u2014 praktyczne, trwa\u0142e i konkurencyjnie wycenione.<\/p>\n<p><a style=\"font-size: 15px; font-weight: bold; color: #222222;\" title=\"Cat Accessories\" href=\"https:\/\/sumplast.com\/pl\/produkty\/produkty-zoologiczne\/\">Zobacz produkty \u2192<\/a><\/p>\n<\/div>\n<p>[\/vc_column_text][\/vc_column][vc_column width=&#8221;1\/2&#8243;][vc_column_text]<\/p>\n<div style=\"background: #d5a3b8; border-radius: 8px; padding: 40px 35px;\">\n<p style=\"font-size: 28px; font-weight: bold; margin: 0 0 12px 0; color: #222222;\">Ptaki, gryzonie, ryby oraz inne<\/p>\n<p style=\"font-size: 17px; line-height: 1.7; margin: 0 0 20px 0; color: #444444;\">Domki dla chomik\u00f3w, terraria, hodowle ryb i wata filtracyjna \u2014 wszystko dla mniejszych zwierz\u0105t i \u017cycia wodnego.<\/p>\n<p><a style=\"font-size: 15px; font-weight: bold; color: #222222;\" title=\"Birds, rodents, fish and other pet accessories\" href=\"https:\/\/sumplast.com\/products\/other-pet-products\/\">Zobacz produkty \u2192<\/a><\/p>\n<\/div>\n<p>[\/vc_column_text][\/vc_column][\/vc_row][vc_row][vc_column][vc_column_text]<\/p>\n<div style=\"background: #1a6baa; border-radius: 12px; padding: 60px 80px; text-align: center; max-width: 800px; margin: 0 auto;\">\n<p style=\"font-size: 36px; font-weight: bold; margin: 0 0 24px 0; color: #ffffff;\">Twoja marka. Nasza produkcja.<\/p>\n<p style=\"font-size: 18px; line-height: 1.8; margin: 0 0 16px 0; color: rgba(255,255,255,0.85); max-width: 600px; margin-left: auto; margin-right: auto;\">Niezale\u017cnie od tego, czy chcesz sprzedawa\u0107 nasze produkty pod nasz\u0105 mark\u0105 czy swoj\u0105 \u2014 u\u0142atwiamy to. Nasze us\u0142ugi marka w\u0142asma tzw. &#8222;private label&#8221; i OEM realizowane we w\u0142asnym zakresie pozwalaj\u0105 szybciej wej\u015b\u0107 na rynek \u2014 bez zewn\u0119trznych drukarni, bez op\u00f3\u017anie\u0144. Dodaj swoje logo do dowolnego produktu za pomoc\u0105 naszej maszyny do druku czterokolorowego i zbuduj asortyment dla zwierz\u0105t, kt\u00f3ry pokochaj\u0105 Twoi klienci.<\/p>\n<p style=\"font-size: 18px; line-height: 1.8; margin: 0 0 36px 0; color: rgba(255,255,255,0.85); max-width: 600px; margin-left: auto; margin-right: auto;\">Aktywnie poszukujemy nowych dystrybutor\u00f3w, importer\u00f3w i hurtownik\u00f3w. Bez biurokracji \u2014 tylko prosta rozmowa.<\/p>\n<p><a style=\"display: inline-block; font-size: 17px; font-weight: bold; color: #1a6baa; background: #ffffff; padding: 16px 40px; border-radius: 6px; text-decoration: none;\" href=\"https:\/\/sumplast.com\/contact\/\">Zosta\u0144 partnerem \u2192<\/a><\/p>\n<\/div>\n<p>[\/vc_column_text][\/vc_column][\/vc_row][vc_row top=&#8221;10px&#8221; bottom=&#8221;10px&#8221;][vc_column][vc_heading title=&#8221;Nasze Projekty&#8221; color=&#8221;#0060a8&#8243;][\/vc_column][\/vc_row][vc_row top=&#8221;10px&#8221; bottom=&#8221;40px&#8221;][vc_column width=&#8221;1\/6&#8243;][vc_single_image image=&#8221;98&#8243; alignment=&#8221;center&#8221; css_animation=&#8221;appear&#8221;][\/vc_column][vc_column width=&#8221;1\/6&#8243;][vc_single_image image=&#8221;97&#8243; alignment=&#8221;center&#8221; css_animation=&#8221;appear&#8221;][\/vc_column][vc_column width=&#8221;1\/6&#8243;][vc_single_image image=&#8221;96&#8243; alignment=&#8221;center&#8221; css_animation=&#8221;appear&#8221;][\/vc_column][vc_column width=&#8221;1\/6&#8243;][vc_single_image image=&#8221;95&#8243; alignment=&#8221;center&#8221; css_animation=&#8221;appear&#8221;][\/vc_column][vc_column width=&#8221;1\/6&#8243;][vc_single_image image=&#8221;94&#8243; alignment=&#8221;center&#8221; css_animation=&#8221;appear&#8221;][\/vc_column][vc_column width=&#8221;1\/6&#8243;][vc_single_image image=&#8221;99&#8243; alignment=&#8221;center&#8221; css_animation=&#8221;appear&#8221;][\/vc_column][\/vc_row][vc_row top=&#8221;20px&#8221; bottom=&#8221;10px&#8221;][vc_column][vc_separator][\/vc_column][\/vc_row][vc_row full_content_width=&#8221;row-inner-full&#8221; bg_repeat=&#8221;repeat-x&#8221; row_seperator=&#8221;row-shadow-seperator&#8221; top=&#8221;0px&#8221; bottom=&#8221;0px&#8221; bg_image=&#8221;89&#8243;][vc_column][vc_empty_space height=&#8221;200px&#8221;][\/vc_column][\/vc_row]<\/p>\n","protected":false},"excerpt":{"rendered":"<p>[vc_row full_content_width=&#8221;row-inner-full&#8221; bg_cover=&#8221;cover&#8221; bg_repeat=&#8221;no-repeat&#8221; bg_position=&#8221;Center top&#8221; font_weight=&#8221;bold&#8221; textalign=&#8221;center&#8221; top=&#8221;0px&#8221; bottom=&#8221;0px&#8221; row_mobile_style=&#8221;ipad_full_width&#8221; bg_color=&#8221;#ffffff&#8221; font_color=&#8221;#444751&#8243; bg_image=&#8221;55&#8243;][vc_column css=&#8221;.vc_custom_1611715755019{padding-top: 250px !important;padding-bottom: 250px !important;}&#8221;][vc_column_text] Produkty dla zwierz\u0105t stworzone z my\u015bl\u0105 o zwierz\u0119tach. Akcesoria dla zwierz\u0105t produkowane w Europie dla hurtownik\u00f3w, dystrybutor\u00f3w i importer\u00f3w na ca\u0142ym \u015bwiecie \u2014 wykonane z trosk\u0105, dostarczane na skal\u0119. [\/vc_column_text][\/vc_column][\/vc_row][vc_row bg_color=&#8221;#3a3a3a&#8221;][vc_column width=&#8221;1\/4&#8243;][vc_column_text] Za\u0142o\u017cona w 1974 roku [&hellip;]<\/p>\n","protected":false},"author":1,"featured_media":0,"parent":0,"menu_order":0,"comment_status":"closed","ping_status":"open","template":"page-full-width.php","meta":[],"_links":{"self":[{"href":"https:\/\/sumplast.com\/pl\/wp-json\/wp\/v2\/pages\/294"}],"collection":[{"href":"https:\/\/sumplast.com\/pl\/wp-json\/wp\/v2\/pages"}],"about":[{"href":"https:\/\/sumplast.com\/pl\/wp-json\/wp\/v2\/types\/page"}],"author":[{"embeddable":true,"href":"https:\/\/sumplast.com\/pl\/wp-json\/wp\/v2\/users\/1"}],"replies":[{"embeddable":true,"href":"https:\/\/sumplast.com\/pl\/wp-json\/wp\/v2\/comments?post=294"}],"version-history":[{"count":40,"href":"https:\/\/sumplast.com\/pl\/wp-json\/wp\/v2\/pages\/294\/revisions"}],"predecessor-version":[{"id":2010,"href":"https:\/\/sumplast.com\/pl\/wp-json\/wp\/v2\/pages\/294\/revisions\/2010"}],"wp:attachment":[{"href":"https:\/\/sumplast.com\/pl\/wp-json\/wp\/v2\/media?parent=294"}],"curies":[{"name":"wp","href":"https:\/\/api.w.org\/{rel}","templated":true}]}}