{"id":299,"date":"2015-03-09T02:41:29","date_gmt":"2015-03-09T02:41:29","guid":{"rendered":"https:\/\/sumplast.com\/?page_id=299"},"modified":"2024-03-25T10:16:53","modified_gmt":"2024-03-25T14:16:53","slug":"o-nas","status":"publish","type":"page","link":"https:\/\/sumplast.com\/pl\/o-nas\/","title":{"rendered":"O NAS"},"content":{"rendered":"<p>[vc_row bg_cover=&#8221;cover&#8221; bg_repeat=&#8221;no-repeat&#8221; bg_position=&#8221;Center bottom&#8221; bg_attachment=&#8221;fixed&#8221; textalign=&#8221;center&#8221; top=&#8221;200px&#8221; bottom=&#8221;200px&#8221; bg_image=&#8221;119&#8243;][vc_column][vc_column_text]<\/p>\n<h1 style=\"font-size: 40px;\"><span style=\"color: #ffffff;\"><strong>O NAS <\/strong><\/span><\/h1>\n<p>[\/vc_column_text][\/vc_column][\/vc_row][vc_row textalign=&#8221;center&#8221; bottom=&#8221;30px&#8221;][vc_column][vc_icon name=&#8221;fa-quote-left&#8221; icon_size=&#8221;35px&#8221; icon_color=&#8221;#dddddd&#8221;][vc_empty_space height=&#8221;20px&#8221;][vc_column_text]<\/p>\n<p style=\"text-align: center;\"><span style=\"font-size: 20px; line-height: 1.6; font-weight: bold; text-transform: uppercase; color: #444751;\">Misj\u0105 firmy Sum Plast jest dostarczanie klientom wysokiej jako\u015bci produkt\u00f3w dla zwierz\u0105t, cechuj\u0105cych si\u0119 tak\u017ce wysok\u0105 u\u017cyteczno\u015bci\u0105, bezpiecze\u0144stwem, trwa\u0142o\u015bci\u0105 i wygod\u0105.<\/span><\/p>\n<p style=\"text-align: center; font-size: 13px;\">Eugeniusz Solski &#8211; President<\/p>\n<p>[\/vc_column_text][\/vc_column][\/vc_row][vc_row][vc_column][vc_separator style=&#8221;double&#8221;][vc_empty_space height=&#8221;25px&#8221;][vc_tour interval=&#8221;0&#8243;][vc_tab title=&#8221;O Firmie&#8221; tab_id=&#8221;1422557689-1-17&#8243;][vc_column_text]Firma Sum-Plast jest rodzinnym przedsi\u0119biorstwem, kt\u00f3re zosta\u0142o za\u0142o\u017cone w 1974 roku w Katowicach, Polska. Od tego czasu firma ta zdoby\u0142a renom\u0119 jako producent, hurtownik, eksporter i projektant wysokiej jako\u015bci produkt\u00f3w dla zwierz\u0105t w Europie. Specjalizuje si\u0119 w tworzeniu r\u00f3\u017cnorodnych akcesori\u00f3w dla zwierz\u0105t domowych wykonanych z tworzyw sztucznych przy u\u017cyciu nowoczesnych maszyn.<\/p>\n<p>Jeste\u015bmy wiod\u0105cym europejskim wytw\u00f3rc\u0105, dystrybutorem i eksporterem wysokiej jako\u015bci produkt\u00f3w dla zwierz\u0105t. Nasz asortyment obejmuje:<\/p>\n<p>Miski\/miseczki\/podajniki dla zwierz\u0105t domowych<br \/>\nSmycze automatyczne<br \/>\nZabawki dla zwierz\u0105t<br \/>\nKarmidelka dla ptak\u00f3w<br \/>\nKuwety dla kot\u00f3w i \u0142opatki<br \/>\nKotniki\/kojec dla ryb\/narybku<br \/>\nDomki dla chomik\u00f3w<br \/>\nPrzeno\u015bne terraria<\/p>\n<p>&#8230;i wiele wiecej<\/p>\n<p>Sum Plast to rodzinna historia mi\u0142o\u015bci do zwierz\u0105t. Pasjonujemy si\u0119 nimi i chcieliby\u015bmy dzieli\u0107 t\u0119 pasj\u0119 z innymi.[\/vc_column_text][\/vc_tab][vc_tab title=&#8221;Misja&#8221; tab_id=&#8221;1422557689-2-86&#8243;][vc_column_text]Misj\u0105 firmy Sum Plast jest dostarczanie klientom wysokiej jako\u015bci produkt\u00f3w dla zwierz\u0105t, cechuj\u0105cych si\u0119 tak\u017ce wysok\u0105 u\u017cyteczno\u015bci\u0105, bezpiecze\u0144stwem, trwa\u0142o\u015bci\u0105 i wygod\u0105. Jeste\u015bmy dumni, \u017ce uczynili\u015bmy zadowolenie klienta naszym najwy\u017cszym priorytetem pilnuj\u0105c, by zawsze spe\u0142nia\u0107 zmieniaj\u0105ce si\u0119 wymagania posiadaczy zwierz\u0105t domowych.[\/vc_column_text][\/vc_tab][vc_tab title=&#8221;Wysokiej Jako\u015bci Produkty dla Zwierz\u0105t&#8221; tab_id=&#8221;1422559665979-2-10&#8243;][vc_column_text]Przy pomocy naszych najnowocze\u015bniejszych wtryskarek tworzymy trwa\u0142e, bezpieczne, funkcjonalne i wygodne produkty. Wytwarzamy \u0142atwe do mycia miski dla zwierz\u0105t, kt\u00f3re nie przesuwaj\u0105 si\u0119 po pod\u0142o\u017cu, i kt\u00f3re oferujemy w wielu rozmiarach.High quality the best and most fashionable online of the replica watches store. Niekt\u00f3re z naszych misek zapobiegaj\u0105 zmoczeniu uszu, inne oszcz\u0119dzaj\u0105 przestrze\u0144 mieszcz\u0105c si\u0119 wygodnie w naro\u017cnikach pomieszcze\u0144. Projektujemy nasze produkty tak, by spe\u0142nia\u0142y potrzeby naszych klient\u00f3w.<\/p>\n<p>W roku 2009 nasz asortyment poszerzy\u0142 si\u0119 o \u0142atwe w obs\u0142udze i wygodne w trzymaniu zabawki dla zwierz\u0105t wykonane z trwa\u0142ych materia\u0142\u00f3w termoplastycznych. Dostarczamy wysokiej jako\u015bci gumowe ringi, pi\u0142ki, hantle, dyski, zabawki do chwytania i rzucania, o mi\u0142ym zapachu. Wytrzyma\u0142a guma, z kt\u00f3rej s\u0105 one wykonane pozostaje elastyczna nawet w ekstremalnych temperaturach, wi\u0119c zwierz\u0119ta mog\u0105 si\u0119 nimi bawi\u0107 ca\u0142y rok. Wkr\u00f3tce bardziej poszerzymy asortyment zabawek.<\/p>\n<p>Nasza najnowsza smycz automatyczna o nazwie Quest jest wykonana z u\u017cyciem wysokiej jako\u015bci materia\u0142\u00f3w, aby by\u0142a trwa\u0142a, \u0142atwa w u\u017cyciu i wygodna.[\/vc_column_text][\/vc_tab][vc_tab title=&#8221;Dlaczego Sum-Plast?&#8221; tab_id=&#8221;1422559717069-3-5&#8243;][vc_column_text]Oferujemy atrakcyjne cenowo us\u0142ugi nadruku logo, marek prywatnych i dostosowania produkt\u00f3w dla firm typu Original Equipment Manufacturer \u2013 OEM (Producent Oryginalnego Wyposa\u017cenia). Wszystko to robimy wydajnie w\u0142asnymi \u015brodkami.<\/p>\n<p>Ponadto nie mamy wymaga\u0144 odno\u015bnie minimalnej wielko\u015bci zam\u00f3wie\u0144. Klienci doceniaj\u0105 uwag\u0119, kt\u00f3r\u0105 po\u015bwi\u0119camy kontroli jako\u015bci, a to prowadzi do stale zwi\u0119kszaj\u0105cej si\u0119 liczby powracaj\u0105cych klient\u00f3w.<br \/>\n[\/vc_column_text][\/vc_tab][vc_tab title=&#8221;Przysz\u0142o\u015b\u0107&#8221; tab_id=&#8221;1422559743460-4-8&#8243;][vc_column_text]Zaprz\u0119gamy najnowocze\u015bniejsz\u0105 technologi\u0119 i techniki wytwarzania do tworzenia naszych nowych produkt\u00f3w, co sprawia, \u017ce nasi klienci otrzymuj\u0105 wytrzyma\u0142e wyroby wykonane z najlepszych rodzaj\u00f3w plastiku. Nasz rozszerzaj\u0105cy si\u0119 ci\u0105gle asortyment pomaga nam sta\u0107 si\u0119 najbardziej znanym dostawc\u0105 produkt\u00f3w dla zwierz\u0105t w Europie. Aby sprosta\u0107 zwi\u0119kszaj\u0105cemu si\u0119 popytowi na rynku zoologicznym, dostarczamy wi\u0119cej informacji na naszych stronach internetowych, aktualizujemy opisy produkt\u00f3w i zatrudniamy wi\u0119cej pracownik\u00f3w.<\/p>\n<p>Aktywnie poszukujemy dystrybutor\u00f3w, importer\u00f3w, hurtownik\u00f3w i dostawc\u00f3w na ca\u0142ym \u015bwiecie. Zapraszamy do sk\u0142adania zapyta\u0144. Sum Plast przywi\u0105zuje du\u017c\u0105 wag\u0119 do jako\u015bci produkt\u00f3w, doskona\u0142ej obs\u0142ugi klienta i kr\u00f3tkich czas\u00f3w dostaw. Ufamy, \u017ce zapewni to d\u0142ugotrwa\u0142e relacje z zadowolonymi zwierz\u0119tami i ich w\u0142a\u015bcicielami. Nasz do\u015bwiadczony personel obs\u0142uguje klient\u00f3w w spos\u00f3b spersonalizowany, aby sprosta\u0107 indywidualnym potrzebom ka\u017cdego z nich.[\/vc_column_text][\/vc_tab][\/vc_tour][\/vc_column][\/vc_row]<\/p>\n","protected":false},"excerpt":{"rendered":"<p>[vc_row bg_cover=&#8221;cover&#8221; bg_repeat=&#8221;no-repeat&#8221; bg_position=&#8221;Center bottom&#8221; bg_attachment=&#8221;fixed&#8221; textalign=&#8221;center&#8221; top=&#8221;200px&#8221; bottom=&#8221;200px&#8221; bg_image=&#8221;119&#8243;][vc_column][vc_column_text] O NAS [\/vc_column_text][\/vc_column][\/vc_row][vc_row textalign=&#8221;center&#8221; bottom=&#8221;30px&#8221;][vc_column][vc_icon name=&#8221;fa-quote-left&#8221; icon_size=&#8221;35px&#8221; icon_color=&#8221;#dddddd&#8221;][vc_empty_space height=&#8221;20px&#8221;][vc_column_text] Misj\u0105 firmy Sum Plast jest dostarczanie klientom wysokiej jako\u015bci produkt\u00f3w dla zwierz\u0105t, cechuj\u0105cych si\u0119 tak\u017ce wysok\u0105 u\u017cyteczno\u015bci\u0105, bezpiecze\u0144stwem, trwa\u0142o\u015bci\u0105 i wygod\u0105. Eugeniusz Solski &#8211; President [\/vc_column_text][\/vc_column][\/vc_row][vc_row][vc_column][vc_separator style=&#8221;double&#8221;][vc_empty_space height=&#8221;25px&#8221;][vc_tour interval=&#8221;0&#8243;][vc_tab title=&#8221;O Firmie&#8221; tab_id=&#8221;1422557689-1-17&#8243;][vc_column_text]Firma Sum-Plast jest rodzinnym przedsi\u0119biorstwem, [&hellip;]<\/p>\n","protected":false},"author":1,"featured_media":0,"parent":0,"menu_order":0,"comment_status":"closed","ping_status":"closed","template":"page-full-width.php","meta":[],"_links":{"self":[{"href":"https:\/\/sumplast.com\/pl\/wp-json\/wp\/v2\/pages\/299"}],"collection":[{"href":"https:\/\/sumplast.com\/pl\/wp-json\/wp\/v2\/pages"}],"about":[{"href":"https:\/\/sumplast.com\/pl\/wp-json\/wp\/v2\/types\/page"}],"author":[{"embeddable":true,"href":"https:\/\/sumplast.com\/pl\/wp-json\/wp\/v2\/users\/1"}],"replies":[{"embeddable":true,"href":"https:\/\/sumplast.com\/pl\/wp-json\/wp\/v2\/comments?post=299"}],"version-history":[{"count":7,"href":"https:\/\/sumplast.com\/pl\/wp-json\/wp\/v2\/pages\/299\/revisions"}],"predecessor-version":[{"id":1850,"href":"https:\/\/sumplast.com\/pl\/wp-json\/wp\/v2\/pages\/299\/revisions\/1850"}],"wp:attachment":[{"href":"https:\/\/sumplast.com\/pl\/wp-json\/wp\/v2\/media?parent=299"}],"curies":[{"name":"wp","href":"https:\/\/api.w.org\/{rel}","templated":true}]}}