{"id":308,"date":"2015-03-09T03:03:28","date_gmt":"2015-03-09T03:03:28","guid":{"rendered":"https:\/\/sumplast.com\/?page_id=308"},"modified":"2024-03-25T10:22:34","modified_gmt":"2024-03-25T14:22:34","slug":"produkty","status":"publish","type":"page","link":"https:\/\/sumplast.com\/pl\/produkty\/","title":{"rendered":"PRODUKTY"},"content":{"rendered":"<p>[vc_row bg_cover=&#8221;cover&#8221; bg_repeat=&#8221;no-repeat&#8221; bg_position=&#8221;Center bottom&#8221; bg_attachment=&#8221;fixed&#8221; textalign=&#8221;center&#8221; top=&#8221;200px&#8221; bottom=&#8221;200px&#8221; bg_image=&#8221;214&#8243;][vc_column][vc_column_text]<\/p>\n<h1 style=\"font-size: 40px;\"><span style=\"color: #ffffff;\"><strong>PRODUKTY<\/strong><\/span><\/h1>\n<p>[\/vc_column_text][\/vc_column][\/vc_row][vc_row][vc_column width=&#8221;1\/4&#8243;][vc_colored_box width=&#8221;100%&#8221; align=&#8221;aligncenter&#8221; bg_color=&#8221;#c0cf63&#8243; css_animation=&#8221;top-to-bottom&#8221;]<\/p>\n<h3><a style=\"color: #ffffff; text-align: center; text-transform: uppercase; font-weight: 600;\" title=\"Zabawki Zapachowe\" href=\"https:\/\/sumplast.com\/pl\/produkty\/zabawki-zapachowe-dla-psow\/\">Zabawki Zapachowe<\/a><\/h3>\n<p>[\/vc_colored_box][\/vc_column][vc_column width=&#8221;1\/4&#8243;][vc_colored_box width=&#8221;100%&#8221; align=&#8221;aligncenter&#8221; bg_color=&#8221;#f38630&#8243; css_animation=&#8221;top-to-bottom&#8221;]<\/p>\n<h3><a style=\"color: #ffffff; text-align: center; text-transform: uppercase; font-weight: 600;\" title=\"Miski dla Ps\u00f3w &amp; Kot\u00f3w\" href=\"https:\/\/sumplast.com\/pl\/produkty\/miski-dla-psow-i-kotow\/\">Miski dla Ps\u00f3w &amp; Kot\u00f3ws<\/a><\/h3>\n<p>[\/vc_colored_box][\/vc_column][vc_column width=&#8221;1\/4&#8243;][vc_colored_box width=&#8221;100%&#8221; align=&#8221;aligncenter&#8221; bg_color=&#8221;#b7b7b7&#8243; css_animation=&#8221;top-to-bottom&#8221;]<\/p>\n<h3><a style=\"color: #ffffff; text-align: center; text-transform: uppercase; font-weight: 600;\" title=\"Pozosta\u0142e Produkty\" href=\"https:\/\/sumplast.com\/pl\/produkty\/produkty-zoologiczne\/\">Pozosta\u0142e Produkty<\/a><\/h3>\n<p>[\/vc_colored_box][\/vc_column][\/vc_row][vc_row top=&#8221;20px&#8221;][vc_column width=&#8221;1\/4&#8243;][vc_wp_custommenu nav_menu=&#8221;8&#8243;][\/vc_column][vc_column width=&#8221;3\/4&#8243;][vc_column_text]Sum Plast produkuje wysokiej jako\u015bci produkty dla zwierz\u0105t i oferuje je w przyst\u0119pnych cenach. Tworzymy nasze produkty z my\u015bl\u0105 o u\u0142atwieniu \u017cycia zwierz\u0119tom i ich w\u0142a\u015bcicielom. Oferujemy wytrzyma\u0142e miski na pokarm w wielu rozmiarach i kszta\u0142tach, aby psy i inne ma\u0142e zwierz\u0119ta mog\u0142y mie\u0107 w\u0142a\u015bciwie dopasowan\u0105 misk\u0119, dzi\u0119ki kt\u00f3rej jedzenie i picie stanie si\u0119 dla nich przyjemniejsze. Poprzez zastosowanie antypo\u015blizgowych stopek na miskach wiekszo\u015b\u0107 naszych misek nie przesuwa si\u0119, wi\u0119c zwierz\u0119ta nie musz\u0105 si\u0119 natrudzi\u0107 podczas jedzenia. Mo\u017cemy tak\u017ce nanie\u015b\u0107 na misk\u0119 logo Pa\u0144stwa firmy.<\/p>\n<p>Oferujemy pe\u0142n\u0105 gam\u0119 automatycznych smyczy idealnych dla ps\u00f3w wszystkich rozmiar\u00f3w. Smycz automatyczna, w przeciwie\u0144stwie do tradycyjnej, daje psom wi\u0119cej swobody podczas spaceru, ale jednocze\u015bnie pozwala w\u0142a\u015bcicielowi zachowa\u0107 kontrol\u0119, gdy potrzeba prowadzi\u0107 zwierz\u0119 kr\u00f3cej. Wygodne uchwyty i systemy blokowania d\u0142ugo\u015bci smyczy sprawdzaj\u0105 si\u0119 r\u00f3wnie\u017c doskonale podczas szkolenia ps\u00f3w.<\/p>\n<p>Nasze zabawki zapachowe sprawi\u0105, \u017ce zabawa z pupilem b\u0119dzie bardziej ekscytuj\u0105ca. Produkujemy pi\u0142ki, zabawki do chwytania, dyski, hantle i ringi z wytrzyma\u0142ego plastiku, kt\u00f3re nadaj\u0105 si\u0119 znakomicie do regularnego szkolenia i intensywnej zabawy. Oferujemy tak\u017ce terraria, \u0142opatki do kuwet, kuwety, karmniki dla ptak\u00f3w, poide\u0142ka, karuzele dla chomik\u00f3w i wielokolorowe domki dla chomik\u00f3w.<\/p>\n<p>Nasze akcesoria akwarystyczne, jak granulowany w\u0119giel aktywny, kotniki i we\u0142na filtracyjna pomagaj\u0105 utrzyma\u0107 zbiorniki w czysto\u015bci przy zachowaniu dobrego zdrowia ryb i ro\u015blin.<\/p>\n<p>Oferowana przez nas doskona\u0142a obs\u0142uga klienta i wysokiej jako\u015bci produkty sprawiaj\u0105, \u017ce Sum Plast jest mark\u0105 produkt\u00f3w dla zwierz\u0105t, kt\u00f3rej mog\u0105 Pa\u0144stwo zaufa\u0107.[\/vc_column_text][vc_empty_space height=&#8221;35px&#8221;][vc_heading title=&#8221;Zamawianie produkt\u00f3w Sum-Plast&#8221; color=&#8221;#8fc941&#8243; position=&#8221;left&#8221; css_animation=&#8221;left-to-right&#8221; css_animation_delay=&#8221;delay-100&#8243;][vc_empty_space height=&#8221;25px&#8221;][vc_column_text]Aby jak najlepiej sprosta\u0107 potrzebom naszych klient\u00f3w ch\u0119tnie wykonamy ka\u017cde zam\u00f3wienie niezale\u017cnie od jego rozmiaru. Po\u015bwi\u0119camy du\u017co wysi\u0142ku, by zapewni\u0107 naszym klientom wysokiej jako\u015bci obs\u0142ug\u0119, wyj\u0105tkowe produkty w konkurencyjnych cenach i szybk\u0105 ich dostaw\u0119.<\/p>\n<p>Nasze przywi\u0105zanie do szczeg\u00f3\u0142\u00f3w w po\u0142\u0105czeniu z dobrym jako\u015bciowo towarem pozwoli\u0142y nam nawi\u0105za\u0107 d\u0142ugoterminowe relacje z wieloma klientami. Prosimy o kontakt, by\u015bmy mogli dostarczy\u0107 Pa\u0144stwu trwa\u0142e produkty naszej uznanej marki.[\/vc_column_text][\/vc_column][\/vc_row]<\/p>\n","protected":false},"excerpt":{"rendered":"<p>[vc_row bg_cover=&#8221;cover&#8221; bg_repeat=&#8221;no-repeat&#8221; bg_position=&#8221;Center bottom&#8221; bg_attachment=&#8221;fixed&#8221; textalign=&#8221;center&#8221; top=&#8221;200px&#8221; bottom=&#8221;200px&#8221; bg_image=&#8221;214&#8243;][vc_column][vc_column_text] PRODUKTY [\/vc_column_text][\/vc_column][\/vc_row][vc_row][vc_column width=&#8221;1\/4&#8243;][vc_colored_box width=&#8221;100%&#8221; align=&#8221;aligncenter&#8221; bg_color=&#8221;#c0cf63&#8243; css_animation=&#8221;top-to-bottom&#8221;] Zabawki Zapachowe [\/vc_colored_box][\/vc_column][vc_column width=&#8221;1\/4&#8243;][vc_colored_box width=&#8221;100%&#8221; align=&#8221;aligncenter&#8221; bg_color=&#8221;#f38630&#8243; css_animation=&#8221;top-to-bottom&#8221;] Miski dla Ps\u00f3w &amp; Kot\u00f3ws [\/vc_colored_box][\/vc_column][vc_column width=&#8221;1\/4&#8243;][vc_colored_box width=&#8221;100%&#8221; align=&#8221;aligncenter&#8221; bg_color=&#8221;#b7b7b7&#8243; css_animation=&#8221;top-to-bottom&#8221;] Pozosta\u0142e Produkty [\/vc_colored_box][\/vc_column][\/vc_row][vc_row top=&#8221;20px&#8221;][vc_column width=&#8221;1\/4&#8243;][vc_wp_custommenu nav_menu=&#8221;8&#8243;][\/vc_column][vc_column width=&#8221;3\/4&#8243;][vc_column_text]Sum Plast produkuje wysokiej jako\u015bci produkty dla zwierz\u0105t i oferuje je w przyst\u0119pnych [&hellip;]<\/p>\n","protected":false},"author":1,"featured_media":0,"parent":0,"menu_order":0,"comment_status":"closed","ping_status":"closed","template":"page-full-width.php","meta":[],"_links":{"self":[{"href":"https:\/\/sumplast.com\/pl\/wp-json\/wp\/v2\/pages\/308"}],"collection":[{"href":"https:\/\/sumplast.com\/pl\/wp-json\/wp\/v2\/pages"}],"about":[{"href":"https:\/\/sumplast.com\/pl\/wp-json\/wp\/v2\/types\/page"}],"author":[{"embeddable":true,"href":"https:\/\/sumplast.com\/pl\/wp-json\/wp\/v2\/users\/1"}],"replies":[{"embeddable":true,"href":"https:\/\/sumplast.com\/pl\/wp-json\/wp\/v2\/comments?post=308"}],"version-history":[{"count":19,"href":"https:\/\/sumplast.com\/pl\/wp-json\/wp\/v2\/pages\/308\/revisions"}],"predecessor-version":[{"id":1853,"href":"https:\/\/sumplast.com\/pl\/wp-json\/wp\/v2\/pages\/308\/revisions\/1853"}],"wp:attachment":[{"href":"https:\/\/sumplast.com\/pl\/wp-json\/wp\/v2\/media?parent=308"}],"curies":[{"name":"wp","href":"https:\/\/api.w.org\/{rel}","templated":true}]}}