{"id":343,"date":"2015-03-10T18:04:46","date_gmt":"2015-03-10T18:04:46","guid":{"rendered":"https:\/\/sumplast.com\/?page_id=343"},"modified":"2017-03-10T13:06:55","modified_gmt":"2017-03-10T17:06:55","slug":"projekty","status":"publish","type":"page","link":"https:\/\/sumplast.com\/pl\/projekty\/","title":{"rendered":"PROJEKTY REKLAMOWE Z NADRUKIEM"},"content":{"rendered":"<p>[vc_row full_content_width=&#8221;&#8221; bg_image=&#8221;114&#8243; parallax_bg=&#8221;&#8221; speed=&#8221;0.20&#8243; bg_cover=&#8221;cover&#8221; bg_position=&#8221;Center bottom&#8221; row_seperator=&#8221;no-seperator&#8221; top=&#8221;200px&#8221; bottom=&#8221;200px&#8221; row_mobile_style=&#8221;&#8221; row_show_on=&#8221;&#8221; bg_repeat=&#8221;no-repeat&#8221; textalign=&#8221;center&#8221;][vc_column width=&#8221;1\/1&#8243;][vc_column_text]<\/p>\n<h1 style=\"font-size: 40px;\"><span style=\"color: #ffffff;\"><strong>PROJEKTY<\/strong><\/span><\/h1>\n<p>[\/vc_column_text][\/vc_column][\/vc_row][vc_row][vc_column width=&#8221;1\/6&#8243;][vc_single_image image=&#8221;95&#8243; alignment=&#8221;center&#8221; border_color=&#8221;grey&#8221; img_link_large=&#8221;&#8221; img_link_target=&#8221;_self&#8221; css_animation=&#8221;left-to-right&#8221;][vc_empty_space height=&#8221;15px&#8221;][vc_single_image image=&#8221;98&#8243; alignment=&#8221;center&#8221; border_color=&#8221;grey&#8221; img_link_large=&#8221;&#8221; img_link_target=&#8221;_self&#8221; css_animation=&#8221;left-to-right&#8221;][vc_empty_space height=&#8221;15px&#8221;][vc_single_image image=&#8221;190&#8243; alignment=&#8221;center&#8221; border_color=&#8221;grey&#8221; img_link_large=&#8221;&#8221; img_link_target=&#8221;_self&#8221; css_animation=&#8221;left-to-right&#8221;][\/vc_column][vc_column width=&#8221;1\/6&#8243;][vc_single_image image=&#8221;94&#8243; alignment=&#8221;center&#8221; border_color=&#8221;grey&#8221; img_link_large=&#8221;&#8221; img_link_target=&#8221;_self&#8221; css_animation=&#8221;left-to-right&#8221;][vc_empty_space height=&#8221;15px&#8221;][vc_single_image image=&#8221;96&#8243; alignment=&#8221;center&#8221; border_color=&#8221;grey&#8221; img_link_large=&#8221;&#8221; img_link_target=&#8221;_self&#8221; css_animation=&#8221;left-to-right&#8221;][vc_empty_space height=&#8221;15px&#8221;][vc_single_image image=&#8221;192&#8243; alignment=&#8221;center&#8221; border_color=&#8221;grey&#8221; img_link_large=&#8221;&#8221; img_link_target=&#8221;_self&#8221; css_animation=&#8221;left-to-right&#8221;][\/vc_column][vc_column width=&#8221;1\/6&#8243;][vc_single_image image=&#8221;97&#8243; alignment=&#8221;center&#8221; border_color=&#8221;grey&#8221; img_link_large=&#8221;&#8221; img_link_target=&#8221;_self&#8221; css_animation=&#8221;left-to-right&#8221;][vc_empty_space height=&#8221;15px&#8221;][vc_single_image image=&#8221;99&#8243; alignment=&#8221;center&#8221; border_color=&#8221;grey&#8221; img_link_large=&#8221;&#8221; img_link_target=&#8221;_self&#8221; css_animation=&#8221;left-to-right&#8221;][vc_empty_space height=&#8221;15px&#8221;][vc_single_image image=&#8221;194&#8243; alignment=&#8221;center&#8221; border_color=&#8221;grey&#8221; img_link_large=&#8221;&#8221; img_link_target=&#8221;_self&#8221; css_animation=&#8221;left-to-right&#8221;][\/vc_column][vc_column width=&#8221;1\/2&#8243;][vc_column_text]W firmie SUM PLAST nieustannie pracujemy nad rozszerzaniem naszej sieci dostaw krajowych i zagranicznych. Zaopatrujemy hurtownik\u00f3w, dystrybutor\u00f3w i przedstawicieli handlowych w Polsce oraz eksportujemy nasze produkty do kraj\u00f3w europejskich takich, jak Wielka Brytania, Niemcy, Szwajcaria, Czechy, S\u0142owacja, Litwa, Bu\u0142garia, W\u0119gry, Bia\u0142oru\u015b, Estonia i Rosja. Naszym celem jest nawi\u0105zanie d\u0142ugotrwa\u0142ych relacji handlowych z naszymi klientami poprzez dystrybucj\u0119 produkt\u00f3w w konkurencyjnych cenach. W\u015br\u00f3d naszych klient\u00f3w jest wiele znanych marek w dziedzinie produkt\u00f3w dla zwierz\u0105t.<br \/>\n[\/vc_column_text][vc_column_text]Miski Sum Plast mog\u0105 by\u0107 zindywidualizowane dla klienta nie tylko poprzez wyb\u00f3r koloru, ale ka\u017cdy dystrybutor zamawiaj\u0105cy nasze produkty mo\u017ce za\u017cyczy\u0107 sobie, by jego logo zosta\u0142o naniesione na ka\u017cdym produkcie przy u\u017cyciu naszej czterokolorowej maszyny do tampodruku.<\/p>\n<p>Mog\u0105 Pa\u0144stwo skorzysta\u0107 z tej oferty nie tylko dla misek dla zwierz\u0105t, ale sprzedaj\u0105c wszystkie nasze produkty pod swoj\u0105 mark\u0105 prywatn\u0105. Nasze us\u0142ugi produkcji pod mark\u0105 prywatn\u0105 i dla firm typu OEM pozwol\u0105 Pa\u0144stwu na zwi\u0119kszenie rozpoznawalno\u015bci Waszej marki i powi\u0119kszenie swojego asortymentu produkt\u00f3w.<\/p>\n<p>Mo\u017cemy dostarczy\u0107 wytrzyma\u0142e plastikowe miski dla zwierz\u0105t dok\u0142adnie takie jak Pa\u0144stwo potrzebujecie i tam, gdzie ich potrzebujecie poprzez nasze mi\u0119dzynarodowe kana\u0142y dystrybucji. Jednak w zwi\u0105zku z tym, \u017ce przyk\u0142adamy wag\u0119 do szczeg\u00f3\u0142\u00f3w i standard\u00f3w, indywidualizacja produktu wymaga dodatkowego czasu.[\/vc_column_text][\/vc_column][\/vc_row]<\/p>\n","protected":false},"excerpt":{"rendered":"<p>[vc_row full_content_width=&#8221;&#8221; bg_image=&#8221;114&#8243; parallax_bg=&#8221;&#8221; speed=&#8221;0.20&#8243; bg_cover=&#8221;cover&#8221; bg_position=&#8221;Center bottom&#8221; row_seperator=&#8221;no-seperator&#8221; top=&#8221;200px&#8221; bottom=&#8221;200px&#8221; row_mobile_style=&#8221;&#8221; row_show_on=&#8221;&#8221; bg_repeat=&#8221;no-repeat&#8221; textalign=&#8221;center&#8221;][vc_column width=&#8221;1\/1&#8243;][vc_column_text] PROJEKTY [\/vc_column_text][\/vc_column][\/vc_row][vc_row][vc_column width=&#8221;1\/6&#8243;][vc_single_image image=&#8221;95&#8243; alignment=&#8221;center&#8221; border_color=&#8221;grey&#8221; img_link_large=&#8221;&#8221; img_link_target=&#8221;_self&#8221; css_animation=&#8221;left-to-right&#8221;][vc_empty_space height=&#8221;15px&#8221;][vc_single_image image=&#8221;98&#8243; alignment=&#8221;center&#8221; border_color=&#8221;grey&#8221; img_link_large=&#8221;&#8221; img_link_target=&#8221;_self&#8221; css_animation=&#8221;left-to-right&#8221;][vc_empty_space height=&#8221;15px&#8221;][vc_single_image image=&#8221;190&#8243; alignment=&#8221;center&#8221; border_color=&#8221;grey&#8221; img_link_large=&#8221;&#8221; img_link_target=&#8221;_self&#8221; css_animation=&#8221;left-to-right&#8221;][\/vc_column][vc_column width=&#8221;1\/6&#8243;][vc_single_image image=&#8221;94&#8243; alignment=&#8221;center&#8221; border_color=&#8221;grey&#8221; img_link_large=&#8221;&#8221; img_link_target=&#8221;_self&#8221; css_animation=&#8221;left-to-right&#8221;][vc_empty_space height=&#8221;15px&#8221;][vc_single_image image=&#8221;96&#8243; alignment=&#8221;center&#8221; border_color=&#8221;grey&#8221; img_link_large=&#8221;&#8221; img_link_target=&#8221;_self&#8221; css_animation=&#8221;left-to-right&#8221;][vc_empty_space height=&#8221;15px&#8221;][vc_single_image image=&#8221;192&#8243; [&hellip;]<\/p>\n","protected":false},"author":1,"featured_media":0,"parent":0,"menu_order":0,"comment_status":"closed","ping_status":"closed","template":"page-full-width.php","meta":[],"_links":{"self":[{"href":"https:\/\/sumplast.com\/pl\/wp-json\/wp\/v2\/pages\/343"}],"collection":[{"href":"https:\/\/sumplast.com\/pl\/wp-json\/wp\/v2\/pages"}],"about":[{"href":"https:\/\/sumplast.com\/pl\/wp-json\/wp\/v2\/types\/page"}],"author":[{"embeddable":true,"href":"https:\/\/sumplast.com\/pl\/wp-json\/wp\/v2\/users\/1"}],"replies":[{"embeddable":true,"href":"https:\/\/sumplast.com\/pl\/wp-json\/wp\/v2\/comments?post=343"}],"version-history":[{"count":3,"href":"https:\/\/sumplast.com\/pl\/wp-json\/wp\/v2\/pages\/343\/revisions"}],"predecessor-version":[{"id":1491,"href":"https:\/\/sumplast.com\/pl\/wp-json\/wp\/v2\/pages\/343\/revisions\/1491"}],"wp:attachment":[{"href":"https:\/\/sumplast.com\/pl\/wp-json\/wp\/v2\/media?parent=343"}],"curies":[{"name":"wp","href":"https:\/\/api.w.org\/{rel}","templated":true}]}}