{"id":346,"date":"2015-03-10T18:11:06","date_gmt":"2015-03-10T18:11:06","guid":{"rendered":"https:\/\/sumplast.com\/?page_id=346"},"modified":"2017-12-19T13:02:00","modified_gmt":"2017-12-19T17:02:00","slug":"pliki-do-pobrania","status":"publish","type":"page","link":"https:\/\/sumplast.com\/pl\/pliki-do-pobrania\/","title":{"rendered":"PLIKI DO POBRANIA"},"content":{"rendered":"<p>[vc_row bg_cover=&#8221;cover&#8221; bg_repeat=&#8221;no-repeat&#8221; bg_position=&#8221;Center bottom&#8221; bg_attachment=&#8221;fixed&#8221; textalign=&#8221;center&#8221; top=&#8221;200px&#8221; bottom=&#8221;200px&#8221; bg_image=&#8221;207&#8243;][vc_column][vc_column_text]<\/p>\n<h1 style=\"font-size: 40px;\"><span style=\"color: #ffffff;\"><strong>PLIKI DO POBRANIA: NARZ\u0118DZIA MARKETINGOWE<\/strong><\/span><\/h1>\n<p>[\/vc_column_text][\/vc_column][\/vc_row][vc_row][vc_column][vc_column_text]<\/p>\n<h2><strong>UMOWA POBIERANIA PLIK\u00d3W<\/strong><\/h2>\n<p align=\"JUSTIFY\"><strong>PRZECZYTAJ! Dokument jest prawnie wi\u0105\u017c\u0105ca umowa pomi\u0119dzy Sum Plast a Pa\u0144stwem &#8211; Odbiorc\u0105. Sum Plast zaprasza Pa\u0144stwa &#8211; klienta hurtowego, do pobierania obraz\u00f3w przedstawiaj\u0105cych nasze produkty w celu wykorzystania w Pa\u0144stwa kampaniach marketingowych tych\u017ce produkt\u00f3w na nast\u0119puj\u0105cych warunkach (Pobranie przez Pa\u0144stwa Materia\u0142\u00f3w, w tym obraz\u00f3w, z tej strony jest r\u00f3wnoznaczne z akceptacj\u0105 warunk\u00f3w. Je\u015bli nie wyra\u017caj\u0105 Pa\u0144stwo zgody na poni\u017csze warunki nie uzyskuj\u0105 Pa\u0144stwo uprawnienia do dost\u0119pu, pobierania lub u\u017cywania obraz\u00f3w lub innej w\u0142asno\u015bci intelektualnej dost\u0119pnej na tej stronie):<\/strong><\/p>\n<p>[\/vc_column_text][vc_empty_space height=&#8221;20px&#8221;][vc_list_item icon_name=&#8221;fa-file&#8221; css_animation=&#8221;right-to-left&#8221; link=&#8221;url:http%3A%2F%2Fsumplast.com%2Fwp-content%2Fuploads%2F2015%2F01%2FDownload-Agreement-SumPlast.pdf|title:Download%20Full%20Agreement|target:%20_blank&#8221;]Pobierz Regulamin [\/vc_list_item][vc_column_text]Wszystkie zdj\u0119cia produkt\u00f3w SUM-PLAST zosta\u0142y zoptymalizowane pod k\u0105tem wyszukiwarek internetowych, takich jak Google, Yahoo, Bing oraz Onet i zawieraj\u0105 s\u0142owa kluczowe oraz istotne informacje \u015bci\u015ble zwi\u0105zane z katalogiem produkt\u00f3w. Mog\u0105 Pa\u0144stwo pozostawi\u0107 oryginalne nazwy plik\u00f3w lub zmieni\u0107 je wed\u0142ug indywidualnych potrzeb tzw. <strong>Search Engine Optimization (SEO)<\/strong>.[\/vc_column_text][vc_empty_space height=&#8221;20px&#8221;][vc_list_item icon_name=&#8221;fa-file-o&#8221; css_animation=&#8221;left-to-right&#8221; icon_color=&#8221;#0171bb&#8221; link=&#8221;url:sumplast.com%2FDownloads%2FSumPlast%20logo%20po%20polsku.zip|title:Sum-Plast%20Logo|target:%20_blank&#8221;]Sum-Plast logo [3MB ZIP file with .eps .jpg .pdf .png formats][\/vc_list_item][vc_list_item icon_name=&#8221;fa-file&#8221; css_animation=&#8221;left-to-right&#8221; icon_color=&#8221;#0171bb&#8221; link=&#8221;url:http%3A%2F%2Fsumplast.com%2FDownloads%2Fsum-plast-zdjecia-rozdzielczosc-72-dpi-rozmiar-800&#215;530-pixeli.zip|title:SUM-PLAST%20Zdj%C4%99cia|target:%20_blank&#8221;]SUM-PLAST zdj\u0119cia do u\u017cytku marketingowego zoptymalizowane pod k\u0105tem wyszukiwarek internetowych [archiwum .zip (10MB) z plikami .JPG o rozdzielczo\u015bci 72 dpi i wymiarach 800&#215;530 pikseli][\/vc_list_item][vc_list_item icon_name=&#8221;fa-file-photo-o&#8221; css_animation=&#8221;left-to-right&#8221; icon_color=&#8221;#0171bb&#8221; link=&#8221;url:sumplast.com%2FDownloads%2FSum-Plast%20Katalog%20Produktow%202012.pdf|title:Sum-Plast%20Katalog%20Produkt%C3%B3w|target:%20_blank&#8221;]SUM-PLAST Katalog produkt\u00f3w 2012 [PDF 14MB][\/vc_list_item][\/vc_column][\/vc_row]<\/p>\n","protected":false},"excerpt":{"rendered":"<p>[vc_row bg_cover=&#8221;cover&#8221; bg_repeat=&#8221;no-repeat&#8221; bg_position=&#8221;Center bottom&#8221; bg_attachment=&#8221;fixed&#8221; textalign=&#8221;center&#8221; top=&#8221;200px&#8221; bottom=&#8221;200px&#8221; bg_image=&#8221;207&#8243;][vc_column][vc_column_text] PLIKI DO POBRANIA: NARZ\u0118DZIA MARKETINGOWE [\/vc_column_text][\/vc_column][\/vc_row][vc_row][vc_column][vc_column_text] UMOWA POBIERANIA PLIK\u00d3W PRZECZYTAJ! Dokument jest prawnie wi\u0105\u017c\u0105ca umowa pomi\u0119dzy Sum Plast a Pa\u0144stwem &#8211; Odbiorc\u0105. Sum Plast zaprasza Pa\u0144stwa &#8211; klienta hurtowego, do pobierania obraz\u00f3w przedstawiaj\u0105cych nasze produkty w celu wykorzystania w Pa\u0144stwa kampaniach marketingowych tych\u017ce produkt\u00f3w na [&hellip;]<\/p>\n","protected":false},"author":1,"featured_media":0,"parent":0,"menu_order":0,"comment_status":"closed","ping_status":"open","template":"page-full-width.php","meta":[],"_links":{"self":[{"href":"https:\/\/sumplast.com\/pl\/wp-json\/wp\/v2\/pages\/346"}],"collection":[{"href":"https:\/\/sumplast.com\/pl\/wp-json\/wp\/v2\/pages"}],"about":[{"href":"https:\/\/sumplast.com\/pl\/wp-json\/wp\/v2\/types\/page"}],"author":[{"embeddable":true,"href":"https:\/\/sumplast.com\/pl\/wp-json\/wp\/v2\/users\/1"}],"replies":[{"embeddable":true,"href":"https:\/\/sumplast.com\/pl\/wp-json\/wp\/v2\/comments?post=346"}],"version-history":[{"count":4,"href":"https:\/\/sumplast.com\/pl\/wp-json\/wp\/v2\/pages\/346\/revisions"}],"predecessor-version":[{"id":1527,"href":"https:\/\/sumplast.com\/pl\/wp-json\/wp\/v2\/pages\/346\/revisions\/1527"}],"wp:attachment":[{"href":"https:\/\/sumplast.com\/pl\/wp-json\/wp\/v2\/media?parent=346"}],"curies":[{"name":"wp","href":"https:\/\/api.w.org\/{rel}","templated":true}]}}