{"id":349,"date":"2015-03-10T18:15:10","date_gmt":"2015-03-10T18:15:10","guid":{"rendered":"https:\/\/sumplast.com\/?page_id=349"},"modified":"2017-03-10T12:14:24","modified_gmt":"2017-03-10T16:14:24","slug":"kontakt","status":"publish","type":"page","link":"https:\/\/sumplast.com\/pl\/kontakt\/","title":{"rendered":"KONTAKT"},"content":{"rendered":"<p>[vc_row bg_image=&#8221;186&#8243; row_seperator=&#8221;no-seperator&#8221; top=&#8221;200px&#8221; bottom=&#8221;200px&#8221; font_color=&#8221;#ffffff&#8221; bg_color=&#8221;#536477&#8243; bg_repeat=&#8221;no-repeat&#8221; speed=&#8221;0.20&#8243; bg_attachment=&#8221;fixed&#8221; parallax_bg=&#8221;&#8221; textalign=&#8221;center&#8221; bg_position=&#8221;Center bottom&#8221; bg_cover=&#8221;cover&#8221; full_content_width=&#8221;row-inner-full&#8221; row_mobile_style=&#8221;&#8221; row_show_on=&#8221;&#8221;][vc_column width=&#8221;1\/1&#8243;][vc_column_text]<\/p>\n<h1 style=\"font-size: 50px;\"><span style=\"color: #ffffff;\"><strong>KONTAKT<\/strong><\/span><\/h1>\n<p>[\/vc_column_text][\/vc_column][\/vc_row][vc_row speed=&#8221;0.20&#8243; row_seperator=&#8221;no-seperator&#8221; top=&#8221;70px&#8221; bottom=&#8221;70px&#8221; row_mobile_style=&#8221;ipad_full_width&#8221;][vc_column width=&#8221;2\/3&#8243;][vc_column_text]<script type=\"text\/javascript\">var gform;gform||(document.addEventListener(\"gform_main_scripts_loaded\",function(){gform.scriptsLoaded=!0}),window.addEventListener(\"DOMContentLoaded\",function(){gform.domLoaded=!0}),gform={domLoaded:!1,scriptsLoaded:!1,initializeOnLoaded:function(o){gform.domLoaded&&gform.scriptsLoaded?o():!gform.domLoaded&&gform.scriptsLoaded?window.addEventListener(\"DOMContentLoaded\",o):document.addEventListener(\"gform_main_scripts_loaded\",o)},hooks:{action:{},filter:{}},addAction:function(o,n,r,t){gform.addHook(\"action\",o,n,r,t)},addFilter:function(o,n,r,t){gform.addHook(\"filter\",o,n,r,t)},doAction:function(o){gform.doHook(\"action\",o,arguments)},applyFilters:function(o){return gform.doHook(\"filter\",o,arguments)},removeAction:function(o,n){gform.removeHook(\"action\",o,n)},removeFilter:function(o,n,r){gform.removeHook(\"filter\",o,n,r)},addHook:function(o,n,r,t,i){null==gform.hooks[o][n]&&(gform.hooks[o][n]=[]);var e=gform.hooks[o][n];null==i&&(i=n+\"_\"+e.length),gform.hooks[o][n].push({tag:i,callable:r,priority:t=null==t?10:t})},doHook:function(n,o,r){var t;if(r=Array.prototype.slice.call(r,1),null!=gform.hooks[n][o]&&((o=gform.hooks[n][o]).sort(function(o,n){return o.priority-n.priority}),o.forEach(function(o){\"function\"!=typeof(t=o.callable)&&(t=window[t]),\"action\"==n?t.apply(null,r):r[0]=t.apply(null,r)})),\"filter\"==n)return r[0]},removeHook:function(o,n,t,i){var r;null!=gform.hooks[o][n]&&(r=(r=gform.hooks[o][n]).filter(function(o,n,r){return!!(null!=i&&i!=o.tag||null!=t&&t!=o.priority)}),gform.hooks[o][n]=r)}});<\/script>\n                <div class='gf_browser_gecko gform_wrapper gform_legacy_markup_wrapper' id='gform_wrapper_2' ><div id='gf_2' class='gform_anchor' tabindex='-1'><\/div><form method='post' enctype='multipart\/form-data' target='gform_ajax_frame_2' id='gform_2'  action='\/pl\/wp-json\/wp\/v2\/pages\/349#gf_2' >\n                        <div class='gform_body gform-body'><ul id='gform_fields_2' class='gform_fields top_label form_sublabel_below description_below'><li id=\"field_2_1\" class=\"gfield gfield_contains_required field_sublabel_below field_description_below gfield_visibility_visible\" ><label class='gfield_label' for='input_2_1' >Imi\u0119 i nazwisko<span class=\"gfield_required\"><span class=\"gfield_required gfield_required_asterisk\">*<\/span><\/span><\/label><div class='ginput_container ginput_container_text'><input name='input_1' id='input_2_1' type='text' value='' class='medium'   tabindex='49'  aria-required=\"true\" aria-invalid=\"false\"   \/> <\/div><\/li><li id=\"field_2_2\" class=\"gfield gfield_contains_required field_sublabel_below field_description_below gfield_visibility_visible\" ><label class='gfield_label' for='input_2_2' >Email<span class=\"gfield_required\"><span class=\"gfield_required gfield_required_asterisk\">*<\/span><\/span><\/label><div class='ginput_container ginput_container_email'>\n                            <input name='input_2' id='input_2_2' type='text' value='' class='medium' tabindex='50'   aria-required=\"true\" aria-invalid=\"false\"  \/>\n                        <\/div><\/li><li id=\"field_2_3\" class=\"gfield gfield_contains_required field_sublabel_below field_description_below gfield_visibility_visible\" ><label class='gfield_label' for='input_2_3' >Wiadomo\u015b\u0107<span class=\"gfield_required\"><span class=\"gfield_required gfield_required_asterisk\">*<\/span><\/span><\/label><div class='ginput_container ginput_container_textarea'><textarea name='input_3' id='input_2_3' class='textarea medium' tabindex='51'    aria-required=\"true\" aria-invalid=\"false\"   rows='10' cols='50'><\/textarea><\/div><\/li><li id=\"field_2_5\" class=\"gfield gfield_contains_required field_sublabel_below field_description_below gfield_visibility_visible\" ><label class='gfield_label'  >Przekazywania Danych Osobowych.<span class=\"gfield_required\"><span class=\"gfield_required gfield_required_asterisk\">*<\/span><\/span><\/label><div class='ginput_container ginput_container_radio'><ul class='gfield_radio' id='input_2_5'>\n\t\t\t<li class='gchoice gchoice_2_5_0'>\n\t\t\t\t<input name='input_5' type='radio' value='Wyra\u017cam zgod\u0119 na przetwarzanie moich danych osobowych zgodnie z ustaw\u0105 z dnia 29 sierpnia 1997 roku o ochronie danych osobowych (Dz. U. z 2002 roku, nr 101, poz. 926 ze zmianami) przez Sum-Plast Eugeniusz Solski z siedzib\u0105 w Katowicach, w celach promocyjnych, informacyjnych, reklamowych i marketingowych. Niniejsza zgoda obejmuje r\u00f3wnie\u017c przetwarzanie danych w przysz\u0142o\u015bci w powy\u017cszych celach. Administratorem danych jest Sum-Plast Eugeniusz Solski. Udost\u0119pnianie danych osobowych jest dobrowolne. Osobom udost\u0119pniaj\u0105cym dane przys\u0142uguje prawo do wgl\u0105du do swoich danych oraz mo\u017cliwo\u015b\u0107 ich poprawiania lub usuni\u0119cia.'  id='choice_2_5_0' tabindex='52'   \/>\n\t\t\t\t<label for='choice_2_5_0' id='label_2_5_0'>Wyra\u017cam zgod\u0119 na przetwarzanie moich danych osobowych zgodnie z ustaw\u0105 z dnia 29 sierpnia 1997 roku o ochronie danych osobowych (Dz. U. z 2002 roku, nr 101, poz. 926 ze zmianami) przez Sum-Plast Eugeniusz Solski z siedzib\u0105 w Katowicach, w celach promocyjnych, informacyjnych, reklamowych i marketingowych. Niniejsza zgoda obejmuje r\u00f3wnie\u017c przetwarzanie danych w przysz\u0142o\u015bci w powy\u017cszych celach. Administratorem danych jest Sum-Plast Eugeniusz Solski. Udost\u0119pnianie danych osobowych jest dobrowolne. Osobom udost\u0119pniaj\u0105cym dane przys\u0142uguje prawo do wgl\u0105du do swoich danych oraz mo\u017cliwo\u015b\u0107 ich poprawiania lub usuni\u0119cia.<\/label>\n\t\t\t<\/li><\/ul><\/div><\/li><li id=\"field_2_6\" class=\"gfield field_sublabel_below field_description_below gfield_visibility_visible\" ><label class='gfield_label' for='input_2_6' >CAPTCHA<\/label><div id='input_2_6' class='ginput_container ginput_recaptcha' data-sitekey='6LdESTQUAAAAABsrGr_IkhjQmLeLF54Bwoj3LRkg'  data-theme='light' data-tabindex='53'  data-badge=''><\/div><\/li><\/ul><\/div>\n        <div class='gform_footer top_label'> <input type='submit' id='gform_submit_button_2' class='gform_button button' value='Submit' tabindex='54' onclick='if(window[\"gf_submitting_2\"]){return false;}  window[\"gf_submitting_2\"]=true;  ' onkeypress='if( event.keyCode == 13 ){ if(window[\"gf_submitting_2\"]){return false;} window[\"gf_submitting_2\"]=true;  jQuery(\"#gform_2\").trigger(\"submit\",[true]); }' \/> <input type='hidden' name='gform_ajax' value='form_id=2&amp;title=&amp;description=&amp;tabindex=49' \/>\n            <input type='hidden' class='gform_hidden' name='is_submit_2' value='1' \/>\n            <input type='hidden' class='gform_hidden' name='gform_submit' value='2' \/>\n            \n            <input type='hidden' class='gform_hidden' name='gform_unique_id' value='' \/>\n            <input type='hidden' class='gform_hidden' name='state_2' value='WyJbXSIsIjlmZjczYjBmODdiNDUyMzg3NjQ3YjJhZWY3YTBiMmNhIl0=' \/>\n            <input type='hidden' class='gform_hidden' name='gform_target_page_number_2' id='gform_target_page_number_2' value='0' \/>\n            <input type='hidden' class='gform_hidden' name='gform_source_page_number_2' id='gform_source_page_number_2' value='1' \/>\n            <input type='hidden' name='gform_field_values' value='' \/>\n            \n        <\/div>\n                        <\/form>\n                        <\/div>\n                <iframe style='display:none;width:0px;height:0px;' src='about:blank' name='gform_ajax_frame_2' id='gform_ajax_frame_2' title='Ten element iframe zawiera logik\u0119 wymagan\u0105 do obs\u0142ugi Gravity Forms u\u017cywaj\u0105cych technologii Ajax.'><\/iframe>\n                <script type=\"text\/javascript\">\ngform.initializeOnLoaded( function() {gformInitSpinner( 2, 'https:\/\/sumplast.com\/wp-content\/plugins\/gravityforms\/images\/spinner.svg' );jQuery('#gform_ajax_frame_2').on('load',function(){var contents = jQuery(this).contents().find('*').html();var is_postback = contents.indexOf('GF_AJAX_POSTBACK') >= 0;if(!is_postback){return;}var form_content = jQuery(this).contents().find('#gform_wrapper_2');var is_confirmation = jQuery(this).contents().find('#gform_confirmation_wrapper_2').length > 0;var is_redirect = contents.indexOf('gformRedirect(){') >= 0;var is_form = form_content.length > 0 && ! is_redirect && ! is_confirmation;var mt = parseInt(jQuery('html').css('margin-top'), 10) + parseInt(jQuery('body').css('margin-top'), 10) + 100;if(is_form){jQuery('#gform_wrapper_2').html(form_content.html());if(form_content.hasClass('gform_validation_error')){jQuery('#gform_wrapper_2').addClass('gform_validation_error');} else {jQuery('#gform_wrapper_2').removeClass('gform_validation_error');}setTimeout( function() { \/* delay the scroll by 50 milliseconds to fix a bug in chrome *\/ jQuery(document).scrollTop(jQuery('#gform_wrapper_2').offset().top - mt); }, 50 );if(window['gformInitDatepicker']) {gformInitDatepicker();}if(window['gformInitPriceFields']) {gformInitPriceFields();}var current_page = jQuery('#gform_source_page_number_2').val();gformInitSpinner( 2, 'https:\/\/sumplast.com\/wp-content\/plugins\/gravityforms\/images\/spinner.svg' );jQuery(document).trigger('gform_page_loaded', [2, current_page]);window['gf_submitting_2'] = false;}else if(!is_redirect){var confirmation_content = jQuery(this).contents().find('.GF_AJAX_POSTBACK').html();if(!confirmation_content){confirmation_content = contents;}setTimeout(function(){jQuery('#gform_wrapper_2').replaceWith(confirmation_content);jQuery(document).scrollTop(jQuery('#gf_2').offset().top - mt);jQuery(document).trigger('gform_confirmation_loaded', [2]);window['gf_submitting_2'] = false;wp.a11y.speak(jQuery('#gform_confirmation_message_2').text());}, 50);}else{jQuery('#gform_2').append(contents);if(window['gformRedirect']) {gformRedirect();}}jQuery(document).trigger('gform_post_render', [2, current_page]);} );} );\n<\/script>\n[\/vc_column_text][\/vc_column][vc_column width=&#8221;1\/3&#8243; css=&#8221;.vc_custom_1412421095668{padding-left: 40px !important;}&#8221;][vc_column_text]Strona internetowa jest odzwierciedleniem wizerunku firmy Sum Plast i jej marki na rynku zoologicznym. W przypadku jakichkolwiek pyta\u0144 lub potrzeby dodatkowych informacji prosimy o kontakt mailowy b\u0105d\u017a telefoniczny.<\/p>\n<h4><strong>ADRES<\/strong><\/h4>\n<p>SUM-PLAST Eugeniusz Solski<br \/>\nMiedziana 15<br \/>\n40-321 Katowice<br \/>\nPolska<\/p>\n<p><strong>Tel: <\/strong>+48 (32) 259 93 03<br \/>\n<strong>Fax: <\/strong>+48 (32) 353 33 88<br \/>\n<strong>Email: <\/strong><a href=\"mailto:sumplastpl@hotmail.com\">sumplastpl@hotmail.com<\/a><br \/>\n<strong>Web: <\/strong><a href=\"https:\/\/sumplast.com\">www.sumplast.com<\/a><\/p>\n<h4><strong>GODZINY OTWARCIA<\/strong><\/h4>\n<p><strong>Poniedzia\u0142ek-Pi\u0105tek: <\/strong>9.00 to 17.00<br \/>\n<strong>Sobota-<\/strong><strong>Niedziela: <\/strong>Nieczynne[\/vc_column_text][\/vc_column][\/vc_row]<\/p>\n","protected":false},"excerpt":{"rendered":"<p>[vc_row bg_image=&#8221;186&#8243; row_seperator=&#8221;no-seperator&#8221; top=&#8221;200px&#8221; bottom=&#8221;200px&#8221; font_color=&#8221;#ffffff&#8221; bg_color=&#8221;#536477&#8243; bg_repeat=&#8221;no-repeat&#8221; speed=&#8221;0.20&#8243; bg_attachment=&#8221;fixed&#8221; parallax_bg=&#8221;&#8221; textalign=&#8221;center&#8221; bg_position=&#8221;Center bottom&#8221; bg_cover=&#8221;cover&#8221; full_content_width=&#8221;row-inner-full&#8221; row_mobile_style=&#8221;&#8221; row_show_on=&#8221;&#8221;][vc_column width=&#8221;1\/1&#8243;][vc_column_text] KONTAKT [\/vc_column_text][\/vc_column][\/vc_row][vc_row speed=&#8221;0.20&#8243; row_seperator=&#8221;no-seperator&#8221; top=&#8221;70px&#8221; bottom=&#8221;70px&#8221; row_mobile_style=&#8221;ipad_full_width&#8221;][vc_column width=&#8221;2\/3&#8243;][vc_column_text][\/vc_column_text][\/vc_column][vc_column width=&#8221;1\/3&#8243; css=&#8221;.vc_custom_1412421095668{padding-left: 40px !important;}&#8221;][vc_column_text]Strona internetowa jest odzwierciedleniem wizerunku firmy Sum Plast i jej marki na rynku zoologicznym. W przypadku jakichkolwiek pyta\u0144 lub potrzeby dodatkowych informacji prosimy o kontakt [&hellip;]<\/p>\n","protected":false},"author":1,"featured_media":0,"parent":0,"menu_order":0,"comment_status":"closed","ping_status":"closed","template":"page-full-width.php","meta":[],"_links":{"self":[{"href":"https:\/\/sumplast.com\/pl\/wp-json\/wp\/v2\/pages\/349"}],"collection":[{"href":"https:\/\/sumplast.com\/pl\/wp-json\/wp\/v2\/pages"}],"about":[{"href":"https:\/\/sumplast.com\/pl\/wp-json\/wp\/v2\/types\/page"}],"author":[{"embeddable":true,"href":"https:\/\/sumplast.com\/pl\/wp-json\/wp\/v2\/users\/1"}],"replies":[{"embeddable":true,"href":"https:\/\/sumplast.com\/pl\/wp-json\/wp\/v2\/comments?post=349"}],"version-history":[{"count":5,"href":"https:\/\/sumplast.com\/pl\/wp-json\/wp\/v2\/pages\/349\/revisions"}],"predecessor-version":[{"id":1029,"href":"https:\/\/sumplast.com\/pl\/wp-json\/wp\/v2\/pages\/349\/revisions\/1029"}],"wp:attachment":[{"href":"https:\/\/sumplast.com\/pl\/wp-json\/wp\/v2\/media?parent=349"}],"curies":[{"name":"wp","href":"https:\/\/api.w.org\/{rel}","templated":true}]}}