{"id":741,"date":"2015-03-15T02:26:01","date_gmt":"2015-03-15T06:26:01","guid":{"rendered":"https:\/\/sumplast.com\/?page_id=741"},"modified":"2026-05-05T16:48:27","modified_gmt":"2026-05-05T20:48:27","slug":"zabawki-zapachowe-dla-psow","status":"publish","type":"page","link":"https:\/\/sumplast.com\/pl\/produkty\/zabawki-zapachowe-dla-psow\/","title":{"rendered":"Zabawki zapachowe dla  ps\u00f3w"},"content":{"rendered":"<p>[vc_row bg_repeat=&#8221;repeat-x&#8221; bg_position=&#8221;Center top&#8221; top=&#8221;0px&#8221; bottom=&#8221;0px&#8221; bg_image=&#8221;997&#8243;][vc_column][vc_empty_space height=&#8221;184px&#8221;][\/vc_column][\/vc_row][vc_row][vc_column width=&#8221;2\/3&#8243;][vc_column_text]<\/p>\n<h2 style=\"text-align: center;\"><strong>NOWE ZABAWKI<\/strong><\/h2>\n<p>[\/vc_column_text][vc_separator icon=&#8221;fa-exclamation&#8221;]<div class=\"woocommerce columns-4 \"><ul class=\"products columns-4\">\n<li class=\"product type-product post-1877 status-publish first instock product_cat-nowe-zabawki product_cat-zabawki-zapachowe has-post-thumbnail shipping-taxable product-type-simple\">\n\t<div class=\"img-wrap\"><\/div><div class=\"product-inner\"><\/div><\/li>\n<li class=\"product type-product post-1895 status-publish instock product_cat-nowe-zabawki product_cat-zabawki-zapachowe has-post-thumbnail shipping-taxable product-type-simple\">\n\t<div class=\"img-wrap\"><\/div><div class=\"product-inner\"><\/div><\/li>\n<li class=\"product type-product post-1868 status-publish instock product_cat-nowe-zabawki product_cat-zabawki-zapachowe has-post-thumbnail shipping-taxable product-type-simple\">\n\t<div class=\"img-wrap\"><\/div><div class=\"product-inner\"><\/div><\/li>\n<\/ul>\n<\/div>[vc_separator style=&#8221;simple&#8221;]<div class=\"woocommerce columns-3 \"><ul class=\"products columns-3\">\n<li class=\"product type-product post-1227 status-publish first instock product_cat-zabawki-zapachowe has-post-thumbnail shipping-taxable product-type-simple\">\n\t<div class=\"img-wrap\"><\/div><div class=\"product-inner\"><\/div><\/li>\n<li class=\"product type-product post-1228 status-publish instock product_cat-zabawki-zapachowe has-post-thumbnail shipping-taxable product-type-simple\">\n\t<div class=\"img-wrap\"><\/div><div class=\"product-inner\"><\/div><\/li>\n<li class=\"product type-product post-1376 status-publish last instock product_cat-zabawki-zapachowe has-post-thumbnail shipping-taxable product-type-simple\">\n\t<div class=\"img-wrap\"><\/div><div class=\"product-inner\"><\/div><\/li>\n<li class=\"product type-product post-1226 status-publish first instock product_cat-zabawki-zapachowe has-post-thumbnail shipping-taxable product-type-simple\">\n\t<div class=\"img-wrap\"><\/div><div class=\"product-inner\"><\/div><\/li>\n<li class=\"product type-product post-1877 status-publish instock product_cat-nowe-zabawki product_cat-zabawki-zapachowe has-post-thumbnail shipping-taxable product-type-simple\">\n\t<div class=\"img-wrap\"><\/div><div class=\"product-inner\"><\/div><\/li>\n<li class=\"product type-product post-1233 status-publish last instock product_cat-zabawki-zapachowe has-post-thumbnail shipping-taxable product-type-simple\">\n\t<div class=\"img-wrap\"><\/div><div class=\"product-inner\"><\/div><\/li>\n<li class=\"product type-product post-1373 status-publish first instock product_cat-zabawki-zapachowe has-post-thumbnail shipping-taxable product-type-simple\">\n\t<div class=\"img-wrap\"><\/div><div class=\"product-inner\"><\/div><\/li>\n<li class=\"product type-product post-1214 status-publish instock product_cat-zabawki-zapachowe has-post-thumbnail shipping-taxable product-type-simple\">\n\t<div class=\"img-wrap\"><\/div><div class=\"product-inner\"><\/div><\/li>\n<li class=\"product type-product post-1375 status-publish last instock product_cat-zabawki-zapachowe has-post-thumbnail shipping-taxable product-type-simple\">\n\t<div class=\"img-wrap\"><\/div><div class=\"product-inner\"><\/div><\/li>\n<li class=\"product type-product post-1895 status-publish first instock product_cat-nowe-zabawki product_cat-zabawki-zapachowe has-post-thumbnail shipping-taxable product-type-simple\">\n\t<div class=\"img-wrap\"><\/div><div class=\"product-inner\"><\/div><\/li>\n<li class=\"product type-product post-1199 status-publish instock product_cat-zabawki-zapachowe has-post-thumbnail shipping-taxable product-type-simple\">\n\t<div class=\"img-wrap\"><\/div><div class=\"product-inner\"><\/div><\/li>\n<li class=\"product type-product post-1246 status-publish last instock product_cat-zabawki-zapachowe has-post-thumbnail shipping-taxable product-type-simple\">\n\t<div class=\"img-wrap\"><\/div><div class=\"product-inner\"><\/div><\/li>\n<li class=\"product type-product post-1897 status-publish first instock product_cat-zabawki-zapachowe has-post-thumbnail shipping-taxable product-type-simple\">\n\t<div class=\"img-wrap\"><\/div><div class=\"product-inner\"><\/div><\/li>\n<li class=\"product type-product post-1279 status-publish instock product_cat-nowe-zabawki product_cat-zabawki-zapachowe has-post-thumbnail shipping-taxable product-type-simple\">\n\t<div class=\"img-wrap\"><\/div><div class=\"product-inner\"><\/div><\/li>\n<li class=\"product type-product post-1882 status-publish last instock product_cat-zabawki-zapachowe has-post-thumbnail shipping-taxable product-type-simple\">\n\t<div class=\"img-wrap\"><\/div><div class=\"product-inner\"><\/div><\/li>\n<li class=\"product type-product post-1889 status-publish first instock product_cat-zabawki-zapachowe has-post-thumbnail shipping-taxable product-type-simple\">\n\t<div class=\"img-wrap\"><\/div><div class=\"product-inner\"><\/div><\/li>\n<li class=\"product type-product post-1209 status-publish instock product_cat-zabawki-zapachowe has-post-thumbnail shipping-taxable product-type-simple\">\n\t<div class=\"img-wrap\"><\/div><div class=\"product-inner\"><\/div><\/li>\n<li class=\"product type-product post-1203 status-publish last instock product_cat-zabawki-zapachowe has-post-thumbnail shipping-taxable product-type-simple\">\n\t<div class=\"img-wrap\"><\/div><div class=\"product-inner\"><\/div><\/li>\n<li class=\"product type-product post-1286 status-publish first instock product_cat-zabawki-zapachowe has-post-thumbnail shipping-taxable product-type-simple\">\n\t<div class=\"img-wrap\"><\/div><div class=\"product-inner\"><\/div><\/li>\n<li class=\"product type-product post-1230 status-publish instock product_cat-zabawki-zapachowe has-post-thumbnail shipping-taxable product-type-simple\">\n\t<div class=\"img-wrap\"><\/div><div class=\"product-inner\"><\/div><\/li>\n<li class=\"product type-product post-1216 status-publish last instock product_cat-zabawki-zapachowe has-post-thumbnail shipping-taxable product-type-simple\">\n\t<div class=\"img-wrap\"><\/div><div class=\"product-inner\"><\/div><\/li>\n<li class=\"product type-product post-1374 status-publish first instock product_cat-zabawki-zapachowe has-post-thumbnail shipping-taxable product-type-simple\">\n\t<div class=\"img-wrap\"><\/div><div class=\"product-inner\"><\/div><\/li>\n<li class=\"product type-product post-1874 status-publish instock product_cat-zabawki-zapachowe has-post-thumbnail shipping-taxable product-type-simple\">\n\t<div class=\"img-wrap\"><\/div><div class=\"product-inner\"><\/div><\/li>\n<li class=\"product type-product post-1223 status-publish last instock product_cat-zabawki-zapachowe has-post-thumbnail shipping-taxable product-type-simple\">\n\t<div class=\"img-wrap\"><\/div><div class=\"product-inner\"><\/div><\/li>\n<li class=\"product type-product post-1868 status-publish first instock product_cat-nowe-zabawki product_cat-zabawki-zapachowe has-post-thumbnail shipping-taxable product-type-simple\">\n\t<div class=\"img-wrap\"><\/div><div class=\"product-inner\"><\/div><\/li>\n<li class=\"product type-product post-1885 status-publish instock product_cat-zabawki-zapachowe has-post-thumbnail shipping-taxable product-type-simple\">\n\t<div class=\"img-wrap\"><\/div><div class=\"product-inner\"><\/div><\/li>\n<\/ul>\n<\/div>[\/vc_column][vc_column width=&#8221;1\/3&#8243;][vc_column_text]<strong>\u017bADNE Z ZABAWEK DLA PS\u00d3W I KOT\u00d3W NIE TON\u0104!!!<\/strong><\/p>\n<p>Niezale\u017cnie od tego, czy pa\u0144stwa klienci maj\u0105 zwierz\u0119ta lubi\u0105ce skaka\u0107, \u0142apa\u0107 dyski lub ringi, przynosi\u0107 skacz\u0105ce pi\u0142ki czy bawi\u0107 si\u0119 zabawkami na sznurku, nasze nowe zabawki zapachowe zadowol\u0105 ka\u017cdego kota i psa. W naszej ofercie posiadamy r\u00f3wnie\u017c hantle, zabawki do przeci\u0105gania oraz ko\u015bci stymuluj\u0105ce instynkt gryzienia u psa oraz wzmacniaj\u0105ce z\u0119by. Nasze \u0142atwe do czyszczenia, gumowe zabawki dost\u0119pne s\u0105 w wielu \u017cywych kolorach.<\/p>\n<ul>\n<li>NOWO\u015a\u0106 &#8211; Dentystyczne<\/li>\n<li>Pi\u0142ki<\/li>\n<li>Hantle<\/li>\n<li>Aporty<\/li>\n<li>Szarpaki<\/li>\n<li>Ringi<\/li>\n<li>Lataj\u0105ce dyski<\/li>\n<li>Ko\u015bci<\/li>\n<li>Inne zabawki<\/li>\n<\/ul>\n<p>&nbsp;<\/p>\n<p><strong>Zastosowanie<\/strong><\/p>\n<p>Zabawki Sum Plast do przeci\u0105gania i rzucania oraz inne gumowe zabawki s\u0105 idealne do szkolenia zwierz\u0105t, utrzymania ich w dobrej kondycji lub, po prostu, do zapewnienia im dobrej zabawy. Wszystkie zabawki produkujemy z my\u015bl\u0105 o zapewnieniu zwierz\u0119tom dobrej zabawy, a wiele z nich stanowi r\u00f3wnie\u017c doskona\u0142e narz\u0119dzia do uczenia ps\u00f3w bezpiecznego gryzienia bez niszczenia rzeczy osobistych w\u0142a\u015bciciela. Nasze wyj\u0105tkowe zabawki gumowe znakomicie nadaj\u0105 si\u0119 do ostrej zabawy, ale jednocze\u015bnie s\u0105 lekkie i \u0142atwe do chwytania. Zabawki do przeci\u0105gania, pi\u0142ki, ringi, ko\u015bci i dyski pomagaj\u0105 psom \u0107wiczy\u0107 i utrzymywa\u0107 zdrowe z\u0119by. Nasze niezmiennie popularne pi\u0142ki na linkach unosz\u0105 si\u0119 na powierzchni wody. Nasze ma\u0142e kolorowe pi\u0142eczki mog\u0105 r\u00f3wnie\u017c dostarczy\u0107 rozrywki dla ch\u0119tnych do zabawy kot\u00f3w.<\/p>\n<p><strong>Zalety zabawek Sum Plast<\/strong><\/p>\n<p>Produkuj\u0105c nasze zabawki skupiamy si\u0119 na zadowoleniu zwierz\u0105t i ich w\u0142a\u015bcicieli. Nasze zabawki dla zwierz\u0105t wykonane s\u0105 z wysokiej jako\u015bci termoplastiku odpornego na temperatury od &#8211; 40 \u00b0C do 60 \u00b0C (-76 \u00b0F do 122 \u00b0F), co sprawia, \u017ce mog\u0105 by\u0107 u\u017cywane w prawie ka\u017cdym klimacie. Klienci mog\u0105 bez wahania zabiera\u0107 nasze ringi, pi\u0142ki, dyski oraz zabawki do przeci\u0105gania z termoplastiku na pla\u017c\u0119 w s\u0142oneczny dzie\u0144, lub dawa\u0107 je zwierz\u0119tom w \u015bnie\u017cne zimowe wieczory nie obawiaj\u0105c si\u0119, \u017ce strac\u0105 one kszta\u0142t b\u0105d\u017a ulegn\u0105 uszkodzeniu. Wiele z naszych zabawek dost\u0119pnych jest w r\u00f3\u017cnych rozmiarach i stylach, tak aby zwierz\u0119ta mog\u0142y je swobodnie chwyta\u0107. W naszej ofercie posiadamy r\u00f3wnie\u017c lataj\u0105ce dyski, Max Dysk na wz\u00f3r ringu oraz tradycyjny Super Max Dysk bez wi\u0119kszego otworu w \u015brodku, co pozwala na daleki rzut. Nasze zabawki maj\u0105 kusz\u0105ce zapachy stymuluj\u0105ce zainteresowanie zwierz\u0105t i zach\u0119caj\u0105ce je do gryzienia i zabawy.<\/p>\n<p>Prosimy o kontakt, aby\u015bmy mogli pom\u00f3c Pa\u0144stwu w dostarczeniu klientom wyj\u0105tkowych produkt\u00f3w dla zwierz\u0105t.[\/vc_column_text][\/vc_column][\/vc_row][vc_row][vc_column][vc_column_text]<br \/>\n[\/vc_column_text][\/vc_column][\/vc_row]<\/p>\n","protected":false},"excerpt":{"rendered":"<p>[vc_row bg_repeat=&#8221;repeat-x&#8221; bg_position=&#8221;Center top&#8221; top=&#8221;0px&#8221; bottom=&#8221;0px&#8221; bg_image=&#8221;997&#8243;][vc_column][vc_empty_space height=&#8221;184px&#8221;][\/vc_column][\/vc_row][vc_row][vc_column width=&#8221;2\/3&#8243;][vc_column_text] NOWE ZABAWKI [\/vc_column_text][vc_separator icon=&#8221;fa-exclamation&#8221;][vc_separator style=&#8221;simple&#8221;][\/vc_column][vc_column width=&#8221;1\/3&#8243;][vc_column_text]\u017bADNE Z ZABAWEK DLA PS\u00d3W I KOT\u00d3W NIE TON\u0104!!! Niezale\u017cnie od tego, czy pa\u0144stwa klienci maj\u0105 zwierz\u0119ta lubi\u0105ce skaka\u0107, \u0142apa\u0107 dyski lub ringi, przynosi\u0107 skacz\u0105ce pi\u0142ki czy bawi\u0107 si\u0119 zabawkami na sznurku, nasze nowe zabawki zapachowe zadowol\u0105 ka\u017cdego kota i psa. [&hellip;]<\/p>\n","protected":false},"author":2,"featured_media":0,"parent":308,"menu_order":0,"comment_status":"closed","ping_status":"closed","template":"page-full-width.php","meta":[],"_links":{"self":[{"href":"https:\/\/sumplast.com\/pl\/wp-json\/wp\/v2\/pages\/741"}],"collection":[{"href":"https:\/\/sumplast.com\/pl\/wp-json\/wp\/v2\/pages"}],"about":[{"href":"https:\/\/sumplast.com\/pl\/wp-json\/wp\/v2\/types\/page"}],"author":[{"embeddable":true,"href":"https:\/\/sumplast.com\/pl\/wp-json\/wp\/v2\/users\/2"}],"replies":[{"embeddable":true,"href":"https:\/\/sumplast.com\/pl\/wp-json\/wp\/v2\/comments?post=741"}],"version-history":[{"count":25,"href":"https:\/\/sumplast.com\/pl\/wp-json\/wp\/v2\/pages\/741\/revisions"}],"predecessor-version":[{"id":1904,"href":"https:\/\/sumplast.com\/pl\/wp-json\/wp\/v2\/pages\/741\/revisions\/1904"}],"up":[{"embeddable":true,"href":"https:\/\/sumplast.com\/pl\/wp-json\/wp\/v2\/pages\/308"}],"wp:attachment":[{"href":"https:\/\/sumplast.com\/pl\/wp-json\/wp\/v2\/media?parent=741"}],"curies":[{"name":"wp","href":"https:\/\/api.w.org\/{rel}","templated":true}]}}