{"id":744,"date":"2015-03-15T03:08:32","date_gmt":"2015-03-15T03:08:32","guid":{"rendered":"https:\/\/sumplast.com\/?page_id=744"},"modified":"2017-03-10T12:41:19","modified_gmt":"2017-03-10T16:41:19","slug":"miski-dla-psow-i-kotow","status":"publish","type":"page","link":"https:\/\/sumplast.com\/pl\/produkty\/miski-dla-psow-i-kotow\/","title":{"rendered":"Miski dla Ps\u00f3w i Kot\u00f3w"},"content":{"rendered":"<p>[vc_row][vc_column width=&#8221;2\/3&#8243;]<div class=\"woocommerce columns-3 \"><ul class=\"products columns-3\">\n<li class=\"product type-product post-1298 status-publish first instock product_cat-miski-dla-psow-kotow has-post-thumbnail shipping-taxable product-type-simple\">\n\t<div class=\"img-wrap\"><\/div><div class=\"product-inner\"><\/div><\/li>\n<li class=\"product type-product post-1300 status-publish instock product_cat-miski-dla-psow-kotow has-post-thumbnail shipping-taxable product-type-simple\">\n\t<div class=\"img-wrap\"><\/div><div class=\"product-inner\"><\/div><\/li>\n<li class=\"product type-product post-1301 status-publish last instock product_cat-miski-dla-psow-kotow has-post-thumbnail shipping-taxable product-type-simple\">\n\t<div class=\"img-wrap\"><\/div><div class=\"product-inner\"><\/div><\/li>\n<li class=\"product type-product post-1302 status-publish first instock product_cat-miski-dla-psow-kotow has-post-thumbnail shipping-taxable product-type-simple\">\n\t<div class=\"img-wrap\"><\/div><div class=\"product-inner\"><\/div><\/li>\n<li class=\"product type-product post-1303 status-publish instock product_cat-miski-dla-psow-kotow has-post-thumbnail shipping-taxable product-type-simple\">\n\t<div class=\"img-wrap\"><\/div><div class=\"product-inner\"><\/div><\/li>\n<li class=\"product type-product post-1304 status-publish last instock product_cat-miski-dla-psow-kotow has-post-thumbnail shipping-taxable product-type-simple\">\n\t<div class=\"img-wrap\"><\/div><div class=\"product-inner\"><\/div><\/li>\n<li class=\"product type-product post-1307 status-publish first instock product_cat-miski-dla-psow-kotow has-post-thumbnail shipping-taxable product-type-simple\">\n\t<div class=\"img-wrap\"><\/div><div class=\"product-inner\"><\/div><\/li>\n<li class=\"product type-product post-1306 status-publish instock product_cat-miski-dla-psow-kotow has-post-thumbnail shipping-taxable product-type-simple\">\n\t<div class=\"img-wrap\"><\/div><div class=\"product-inner\"><\/div><\/li>\n<li class=\"product type-product post-1308 status-publish last instock product_cat-miski-dla-psow-kotow has-post-thumbnail shipping-taxable product-type-simple\">\n\t<div class=\"img-wrap\"><\/div><div class=\"product-inner\"><\/div><\/li>\n<li class=\"product type-product post-1318 status-publish first instock product_cat-miski-dla-psow-kotow has-post-thumbnail shipping-taxable product-type-simple\">\n\t<div class=\"img-wrap\"><\/div><div class=\"product-inner\"><\/div><\/li>\n<li class=\"product type-product post-1317 status-publish instock product_cat-miski-dla-psow-kotow has-post-thumbnail shipping-taxable product-type-simple\">\n\t<div class=\"img-wrap\"><\/div><div class=\"product-inner\"><\/div><\/li>\n<li class=\"product type-product post-1316 status-publish last instock product_cat-miski-dla-psow-kotow has-post-thumbnail shipping-taxable product-type-simple\">\n\t<div class=\"img-wrap\"><\/div><div class=\"product-inner\"><\/div><\/li>\n<li class=\"product type-product post-1315 status-publish first instock product_cat-miski-dla-psow-kotow has-post-thumbnail shipping-taxable product-type-simple\">\n\t<div class=\"img-wrap\"><\/div><div class=\"product-inner\"><\/div><\/li>\n<li class=\"product type-product post-1309 status-publish instock product_cat-miski-dla-psow-kotow has-post-thumbnail shipping-taxable product-type-simple\">\n\t<div class=\"img-wrap\"><\/div><div class=\"product-inner\"><\/div><\/li>\n<li class=\"product type-product post-1310 status-publish last instock product_cat-miski-dla-psow-kotow has-post-thumbnail shipping-taxable product-type-simple\">\n\t<div class=\"img-wrap\"><\/div><div class=\"product-inner\"><\/div><\/li>\n<li class=\"product type-product post-1311 status-publish first instock product_cat-miski-dla-psow-kotow has-post-thumbnail shipping-taxable product-type-simple\">\n\t<div class=\"img-wrap\"><\/div><div class=\"product-inner\"><\/div><\/li>\n<li class=\"product type-product post-1313 status-publish instock product_cat-miski-dla-psow-kotow has-post-thumbnail shipping-taxable product-type-simple\">\n\t<div class=\"img-wrap\"><\/div><div class=\"product-inner\"><\/div><\/li>\n<li class=\"product type-product post-1319 status-publish last instock product_cat-miski-dla-psow-kotow has-post-thumbnail shipping-taxable product-type-simple\">\n\t<div class=\"img-wrap\"><\/div><div class=\"product-inner\"><\/div><\/li>\n<li class=\"product type-product post-1320 status-publish first instock product_cat-miski-dla-psow-kotow has-post-thumbnail shipping-taxable product-type-simple\">\n\t<div class=\"img-wrap\"><\/div><div class=\"product-inner\"><\/div><\/li>\n<li class=\"product type-product post-1322 status-publish instock product_cat-miski-dla-psow-kotow has-post-thumbnail shipping-taxable product-type-simple\">\n\t<div class=\"img-wrap\"><\/div><div class=\"product-inner\"><\/div><\/li>\n<li class=\"product type-product post-1321 status-publish last instock product_cat-miski-dla-psow-kotow has-post-thumbnail shipping-taxable product-type-simple\">\n\t<div class=\"img-wrap\"><\/div><div class=\"product-inner\"><\/div><\/li>\n<\/ul>\n<\/div>[\/vc_column][vc_column width=&#8221;1\/3&#8243;][vc_column_text]<\/p>\n<blockquote><p><strong>Z misek Sum Plast zwierz\u0119ta jedz\u0105 w wygodzie i stylowo<\/strong><\/p><\/blockquote>\n<p>Firma Sum Plast wytwarza miski, kt\u00f3re koncentruj\u0105 si\u0119 na wygodzie zwierz\u0105t, aby mog\u0142y one je\u015b\u0107 z \u0142atwo\u015bci\u0105, minimalizuj\u0105c w ten spos\u00f3b prawdopodobie\u0144stwo, \u017ce w\u0142a\u015bciciele b\u0119d\u0105 musieli sprz\u0105ta\u0107 niechciany ba\u0142agan.<\/p>\n<p>Projektujemy i wytwarzamy miski dla zwierz\u0105t, kt\u00f3re maksymalizuj\u0105 przyjemno\u015b\u0107 z jedzenia dla ps\u00f3w, kot\u00f3w, lub innych zwierz\u0105t domowych, ale jednocze\u015bnie odpowiadaj\u0105 indywidualnym gustom klient\u00f3w.<\/p>\n<p>Firma Sum Plast oferuje dwie standardowe odmiany misek dla ps\u00f3w, jak r\u00f3wnie\u017c miski specjalnych kszta\u0142t\u00f3w, oraz miski podw\u00f3jne.<\/p>\n<p>Miska klasyczna firmy Sum Plast oferowana jest w pi\u0119ciu rozmiarach, dzi\u0119ki czemu \u0142atwo jest znale\u017a\u0107 idealny rozmiar dla kot\u00f3w lub ps\u00f3w Pa\u0144stwa klient\u00f3w. Miski klasyczne maj\u0105 tradycyjne g\u0142adkie \u015bcianki i zaokr\u0105glony kszta\u0142t, oraz wyposa\u017cone s\u0105 w nierzucaj\u0105ce si\u0119 w oczy przeciwpo\u015blizgowe gumowe stopki.<\/p>\n<p><strong>Miska \u0142apka<\/strong><\/p>\n<p>Miska \u2013 \u0141apka oferowana jest w czterech rozmiarach i ma bardziej unikaln\u0105 form\u0119. Zewn\u0119trzne \u015bcianki maj\u0105 wg\u0142\u0119bienia i grzbiety, co czyni kszta\u0142t miski stylowym. Przeciwpo\u015blizgowe n\u00f3\u017cki w kszta\u0142cie psich \u0142ap uzupe\u0142niaj\u0105 styl miski \u0141apki zapewniaj\u0105c jednocze\u015bnie, \u017ce miska nie przesuwa si\u0119 podczas jedzenia lub picia.<\/p>\n<p><strong>Miski specjalne<\/strong><\/p>\n<p>Oferujemy tak\u017ce unikalne miski w kszta\u0142cie serca, kt\u00f3re dost\u0119pne s\u0105 w du\u017cym i ma\u0142ym rozmiarze. Mniejsza miska w kszta\u0142cie serca podzielona jest na dwie komory, jedna na wod\u0119, a jedna na jedzenie. Miski w obu rozmiarach stanowi\u0105 idealny prezent walentynkowy dla mi\u0142o\u015bnik\u00f3w zwierz\u0105t (i ich pupili).<\/p>\n<p>Produkujemy r\u00f3wnie\u017c miski w kszta\u0142cie tr\u00f3jk\u0105ta, kt\u00f3re idealnie mieszcz\u0105 si\u0119 w naro\u017cnikach pomieszcze\u0144 i w ten spos\u00f3b maksymalizuj\u0105 dost\u0119pn\u0105 przestrze\u0144 pod\u0142ogow\u0105, jednocze\u015bnie zapewniaj\u0105c, \u017ce miska nie b\u0119dzie si\u0119 przesuwa\u0107.<\/p>\n<p><strong>Inne miski<\/strong><\/p>\n<p><strong>Miska dla spaniela<\/strong><\/p>\n<p>Je\u015bli Pa\u0144stwa klient posiada Cocker Spaniela, oferujemy jedyn\u0105 w swoim rodzaju<\/p>\n<p><strong>Kolory<\/strong><\/p>\n<p>Cho\u0107 miski Sum Plast oferowane s\u0105 w wielu kolorach standardowych, w tym w jaskrawych b\u0105d\u017a przyciemnionych kolorach podstawowych lub odcieniach neutralnych, istnieje r\u00f3wnie\u017c mo\u017cliwo\u015b\u0107 stworzenia indywidualnego koloru, dok\u0142adnie odpowiadaj\u0105cego Pa\u0144stwa potrzebom. Kolory zindywidualizowane tworzone s\u0105 na podstawie karty doboru kolor\u00f3w firmy Pantone, kt\u00f3ra oferuje pe\u0142n\u0105 palet\u0119 odcieni w wielu kolorach. Palety kolor\u00f3w s\u0105 dost\u0119pne na stronie internetowej: http:\/\/goalfie.com\/pdfs\/pmschart.pdf. Zaprezentowane tam kolory s\u0105 wierne odno\u015bnie odcienia, ale dla klient\u00f3w, kt\u00f3rzy wymagaj\u0105 dok\u0142adniejszego okre\u015blenia koloru polecamy zapoznanie si\u0119 z oryginalnym katalogiem firmy Pantone.<\/p>\n<p><strong>Indywidualizacja produkt\u00f3w<\/strong><\/p>\n<p>Miski Sum Plast mog\u0105 by\u0107 zindywidualizowane dla klienta nie tylko poprzez wyb\u00f3r koloru, ale ka\u017cdy dystrybutor zamawiaj\u0105cy nasze produkty mo\u017ce za\u017cyczy\u0107 sobie, by jego logo zosta\u0142o naniesione na ka\u017cdym produkcie przy u\u017cyciu naszej czterokolorowej maszyny do tampodruku.<\/p>\n<p>Mog\u0105 Pa\u0144stwo skorzysta\u0107 z tej oferty nie tylko dla misek dla zwierz\u0105t, ale sprzedaj\u0105c wszystkie nasze produkty pod swoj\u0105 mark\u0105 prywatn\u0105. Nasze us\u0142ugi produkcji pod mark\u0105 prywatn\u0105 i dla firm typu pozwol\u0105 Pa\u0144stwu na zwi\u0119kszenie rozpoznawalno\u015bci Waszej marki i powi\u0119kszenie swojego asortymentu produkt\u00f3w.<\/p>\n<p>Mo\u017cemy dostarczy\u0107 wytrzyma\u0142e plastikowe miski dla zwierz\u0105t dok\u0142adnie takie jak Pa\u0144stwo potrzebujecie i tam, gdzie ich potrzebujecie poprzez nasze mi\u0119dzynarodowe kana\u0142y dystrybucji. Jednak w zwi\u0105zku z tym, \u017ce przyk\u0142adamy wag\u0119 do szczeg\u00f3\u0142\u00f3w i standard\u00f3w, indywidualizacja produktu wymaga dodatkowego czasu. Aby zapozna\u0107 si\u0119 z pr\u00f3bkami naszych produkt\u00f3w zindywidualizowanych prosimy odwiedzi\u0107 nasz\u0105 stron\u0119 \u201eProjekty\u201d.<\/p>\n<p><strong>Produkty wysokiej jako\u015bci<\/strong><\/p>\n<p>Pragniemy Pa\u0144stwu dostarczy\u0107 idealne miski dla ps\u00f3w i kot\u00f3w. Swoj\u0105 pozycj\u0119 renomowanego dostawcy produkt\u00f3w dla zwierz\u0105t domowych Sum Plast zawdzi\u0119cza dba\u0142o\u015bci o klienta oraz wysokiej jako\u015bci wykonania naszych produkt\u00f3w. Jeste\u015bmy dumni z naszej wieloletniej wsp\u00f3\u0142pracy z wieloma klientami mo\u017cliwej dzi\u0119ki umiej\u0119tno\u015bci dostarczenia produkt\u00f3w zgodnych z potrzebami i oczekiwaniami poszczeg\u00f3lnych dystrybutor\u00f3w.<\/p>\n<p>Miski plastikowe Sum Plast to miski, kt\u00f3re wybra\u0142oby ka\u017cde zwierz\u0119. S\u0105 one funkcjonalne, trwa\u0142e i bezpieczne, a ich produkcja odbywa si\u0119 z my\u015bl\u0105 o zapewnieniu zwierz\u0119tom odpowiedniego komfortu. R\u00f3\u017cnorodno\u015b\u0107, jako\u015b\u0107 i styl naszych produkt\u00f3w stanowi\u0105 gwarancj\u0119 zadowolenia nawet najbardziej wymagaj\u0105cych klient\u00f3w.<\/p>\n<p>Ju\u017c dzisiaj mo\u017cecie Pa\u0144stwo zam\u00f3wi\u0107 miski dla zwierz\u0105t pod nazw\u0105 w\u0142asnej marki lub pod nazw\u0105 Sum Plast. Pa\u0144stwa klienci b\u0119d\u0105 mieli mo\u017cliwo\u015b\u0107 wybrania misek Sum Plast zgodnych z ich upodobaniami, a jednocze\u015bnie komfortowych i przyjemnych w u\u017cyciu dla ich zwierz\u0105t.<\/p>\n<p>Prosimy o kontakt, aby\u015bmy mogli pom\u00f3c Pa\u0144stwu w dostarczeniu klientom wyj\u0105tkowych produkt\u00f3w dla zwierz\u0105t[\/vc_column_text][\/vc_column][\/vc_row]<\/p>\n","protected":false},"excerpt":{"rendered":"<p>[vc_row][vc_column width=&#8221;2\/3&#8243;][\/vc_column][vc_column width=&#8221;1\/3&#8243;][vc_column_text] Z misek Sum Plast zwierz\u0119ta jedz\u0105 w wygodzie i stylowo Firma Sum Plast wytwarza miski, kt\u00f3re koncentruj\u0105 si\u0119 na wygodzie zwierz\u0105t, aby mog\u0142y one je\u015b\u0107 z \u0142atwo\u015bci\u0105, minimalizuj\u0105c w ten spos\u00f3b prawdopodobie\u0144stwo, \u017ce w\u0142a\u015bciciele b\u0119d\u0105 musieli sprz\u0105ta\u0107 niechciany ba\u0142agan. Projektujemy i wytwarzamy miski dla zwierz\u0105t, kt\u00f3re maksymalizuj\u0105 przyjemno\u015b\u0107 z jedzenia dla ps\u00f3w, [&hellip;]<\/p>\n","protected":false},"author":1,"featured_media":0,"parent":308,"menu_order":0,"comment_status":"closed","ping_status":"closed","template":"","meta":[],"_links":{"self":[{"href":"https:\/\/sumplast.com\/pl\/wp-json\/wp\/v2\/pages\/744"}],"collection":[{"href":"https:\/\/sumplast.com\/pl\/wp-json\/wp\/v2\/pages"}],"about":[{"href":"https:\/\/sumplast.com\/pl\/wp-json\/wp\/v2\/types\/page"}],"author":[{"embeddable":true,"href":"https:\/\/sumplast.com\/pl\/wp-json\/wp\/v2\/users\/1"}],"replies":[{"embeddable":true,"href":"https:\/\/sumplast.com\/pl\/wp-json\/wp\/v2\/comments?post=744"}],"version-history":[{"count":10,"href":"https:\/\/sumplast.com\/pl\/wp-json\/wp\/v2\/pages\/744\/revisions"}],"predecessor-version":[{"id":1344,"href":"https:\/\/sumplast.com\/pl\/wp-json\/wp\/v2\/pages\/744\/revisions\/1344"}],"up":[{"embeddable":true,"href":"https:\/\/sumplast.com\/pl\/wp-json\/wp\/v2\/pages\/308"}],"wp:attachment":[{"href":"https:\/\/sumplast.com\/pl\/wp-json\/wp\/v2\/media?parent=744"}],"curies":[{"name":"wp","href":"https:\/\/api.w.org\/{rel}","templated":true}]}}