{"id":746,"date":"2015-03-15T03:13:09","date_gmt":"2015-03-15T03:13:09","guid":{"rendered":"https:\/\/sumplast.com\/?page_id=746"},"modified":"2017-03-10T12:49:56","modified_gmt":"2017-03-10T16:49:56","slug":"produkty-zoologiczne","status":"publish","type":"page","link":"https:\/\/sumplast.com\/pl\/produkty\/produkty-zoologiczne\/","title":{"rendered":"Pozosta\u0142e Produkty Zoologiczne"},"content":{"rendered":"<p>[vc_row][vc_column width=&#8221;2\/3&#8243;]<div class=\"woocommerce columns-3 \"><ul class=\"products columns-3\">\n<li class=\"product type-product post-1369 status-publish first instock product_cat-pozostale-produkty-zoologiczne has-post-thumbnail shipping-taxable product-type-simple\">\n\t<div class=\"img-wrap\"><\/div><div class=\"product-inner\"><\/div><\/li>\n<li class=\"product type-product post-1332 status-publish instock product_cat-pozostale-produkty-zoologiczne has-post-thumbnail shipping-taxable product-type-simple\">\n\t<div class=\"img-wrap\"><\/div><div class=\"product-inner\"><\/div><\/li>\n<li class=\"product type-product post-1331 status-publish last instock product_cat-pozostale-produkty-zoologiczne has-post-thumbnail shipping-taxable product-type-simple\">\n\t<div class=\"img-wrap\"><\/div><div class=\"product-inner\"><\/div><\/li>\n<li class=\"product type-product post-1335 status-publish first instock product_cat-pozostale-produkty-zoologiczne has-post-thumbnail shipping-taxable product-type-simple\">\n\t<div class=\"img-wrap\"><\/div><div class=\"product-inner\"><\/div><\/li>\n<li class=\"product type-product post-1299 status-publish instock product_cat-pozostale-produkty-zoologiczne has-post-thumbnail shipping-taxable product-type-simple\">\n\t<div class=\"img-wrap\"><\/div><div class=\"product-inner\"><\/div><\/li>\n<li class=\"product type-product post-1334 status-publish last instock product_cat-pozostale-produkty-zoologiczne has-post-thumbnail shipping-taxable product-type-simple\">\n\t<div class=\"img-wrap\"><\/div><div class=\"product-inner\"><\/div><\/li>\n<li class=\"product type-product post-1329 status-publish first instock product_cat-pozostale-produkty-zoologiczne has-post-thumbnail shipping-taxable product-type-simple\">\n\t<div class=\"img-wrap\"><\/div><div class=\"product-inner\"><\/div><\/li>\n<li class=\"product type-product post-1371 status-publish instock product_cat-pozostale-produkty-zoologiczne has-post-thumbnail shipping-taxable product-type-simple\">\n\t<div class=\"img-wrap\"><\/div><div class=\"product-inner\"><\/div><\/li>\n<li class=\"product type-product post-1372 status-publish last instock product_cat-pozostale-produkty-zoologiczne has-post-thumbnail shipping-taxable product-type-simple\">\n\t<div class=\"img-wrap\"><\/div><div class=\"product-inner\"><\/div><\/li>\n<li class=\"product type-product post-1330 status-publish first instock product_cat-pozostale-produkty-zoologiczne has-post-thumbnail shipping-taxable product-type-simple\">\n\t<div class=\"img-wrap\"><\/div><div class=\"product-inner\"><\/div><\/li>\n<li class=\"product type-product post-1359 status-publish instock product_cat-pozostale-produkty-zoologiczne has-post-thumbnail shipping-taxable product-type-simple\">\n\t<div class=\"img-wrap\"><\/div><div class=\"product-inner\"><\/div><\/li>\n<li class=\"product type-product post-1360 status-publish last instock product_cat-pozostale-produkty-zoologiczne has-post-thumbnail shipping-taxable product-type-simple\">\n\t<div class=\"img-wrap\"><\/div><div class=\"product-inner\"><\/div><\/li>\n<li class=\"product type-product post-1324 status-publish first instock product_cat-pozostale-produkty-zoologiczne has-post-thumbnail shipping-taxable product-type-simple\">\n\t<div class=\"img-wrap\"><\/div><div class=\"product-inner\"><\/div><\/li>\n<li class=\"product type-product post-1358 status-publish instock product_cat-pozostale-produkty-zoologiczne has-post-thumbnail shipping-taxable product-type-simple\">\n\t<div class=\"img-wrap\"><\/div><div class=\"product-inner\"><\/div><\/li>\n<li class=\"product type-product post-1364 status-publish last instock product_cat-pozostale-produkty-zoologiczne has-post-thumbnail shipping-taxable product-type-simple\">\n\t<div class=\"img-wrap\"><\/div><div class=\"product-inner\"><\/div><\/li>\n<li class=\"product type-product post-1363 status-publish first instock product_cat-pozostale-produkty-zoologiczne has-post-thumbnail shipping-taxable product-type-simple\">\n\t<div class=\"img-wrap\"><\/div><div class=\"product-inner\"><\/div><\/li>\n<li class=\"product type-product post-1362 status-publish instock product_cat-pozostale-produkty-zoologiczne has-post-thumbnail shipping-taxable product-type-simple\">\n\t<div class=\"img-wrap\"><\/div><div class=\"product-inner\"><\/div><\/li>\n<li class=\"product type-product post-1368 status-publish last instock product_cat-pozostale-produkty-zoologiczne has-post-thumbnail shipping-taxable product-type-simple\">\n\t<div class=\"img-wrap\"><\/div><div class=\"product-inner\"><\/div><\/li>\n<li class=\"product type-product post-1326 status-publish first instock product_cat-pozostale-produkty-zoologiczne has-post-thumbnail shipping-taxable product-type-simple\">\n\t<div class=\"img-wrap\"><\/div><div class=\"product-inner\"><\/div><\/li>\n<li class=\"product type-product post-1328 status-publish instock product_cat-pozostale-produkty-zoologiczne has-post-thumbnail shipping-taxable product-type-simple\">\n\t<div class=\"img-wrap\"><\/div><div class=\"product-inner\"><\/div><\/li>\n<li class=\"product type-product post-1327 status-publish last instock product_cat-pozostale-produkty-zoologiczne has-post-thumbnail shipping-taxable product-type-simple\">\n\t<div class=\"img-wrap\"><\/div><div class=\"product-inner\"><\/div><\/li>\n<\/ul>\n<\/div>[\/vc_column][vc_column width=&#8221;1\/3&#8243;][vc_column_text]Przeno\u015bnie terraria Sum Plast umo\u017cliwiaj\u0105 naszym klientom przewo\u017cenie zwierz\u0105t do domk\u00f3w letniskowych, miejscowo\u015bci wypoczynkowych i innych dogodnych dla nich lokalizacji. Dzi\u0119ki wykorzystaniu naszych terrari\u00f3w, klient oszcz\u0119dza sobie k\u0142opotu z szukaniem kogo\u015b, kto zaopiekowa\u0142by si\u0119 ich zwierz\u0119ciem b\u0105d\u017a wydawania pieni\u0119dzy na opiek\u0119 nad nim. Ponadto, b\u0119d\u0105 mogli cieszy\u0107 si\u0119 towarzystwem swojego zwierz\u0119cia przebywaj\u0105c poza domem.<\/p>\n<p>W naszej ofercie posiadamy r\u00f3wnie\u017c automatyczne karmide\u0142ka dla ptak\u00f3w i poide\u0142ka, kt\u00f3re mo\u017cna nape\u0142nia\u0107 raz na kilka dni. Nasze karmide\u0142ka dla ptak\u00f3w i poide\u0142ka idealnie nadaj\u0105ce si\u0119 do codziennego u\u017cytku s\u0105 tak\u017ce niezast\u0105pione w przypadku, gdy Pa\u0144stwa klienci musz\u0105 wyjecha\u0107 na ca\u0142y dzie\u0144. Ponadto, nasz basen dla ptak\u00f3w zapewnia im komfort oraz czysto\u015b\u0107.<\/p>\n<p>Wiele z naszych pozosta\u0142ych produkt\u00f3w takich, jak karuzele dla chomik\u00f3w oraz miseczki, umo\u017cliwia zapewnienie zwierz\u0119tom zdrowego trybu \u017cycia. Sum Plast miseczki s\u0105 idealnie dobrane rozmiarem tak, aby ma\u0142e zwierz\u0119ta takie, jak myszy mog\u0142y mie\u0107 swobodny dost\u0119p do pokarmu. Nasze produkty maj\u0105 na celu zapewnienie zwierz\u0119tom dobrego samopoczucia.<\/p>\n<p>Pa\u0144stwa klienci mog\u0105 korzysta\u0107 z \u0142opatek do sprz\u0105tania kuwety zapewniaj\u0105c jej utrzymanie w czysto\u015bci i unikni\u0119cie nieprzyjemnego zapachu. W ofercie posiadamy kuwety w r\u00f3\u017cnych rozmiarach tak, aby Pa\u0144stwa klienci mogli wybra\u0107 rozmiar odpowiedni dla ich kota oraz dostosowany do dost\u0119pnej przestrzeni.<\/p>\n<p>Sprzedajemy r\u00f3wnie\u017c wk\u0142ady z waty filtruj\u0105cej, kt\u00f3ra przyci\u0105ga cz\u0105steczki brudu umo\u017cliwiaj\u0105c utrzymanie czysto\u015bci i przejrzysto\u015bci w sadzawkach i akwariach. Czyste \u015brodowisko przed\u0142u\u017ca \u017cywotno\u015b\u0107 organizm\u00f3w wodnych takich, jak ryby, \u017caby, \u017c\u00f3\u0142wie oraz ro\u015bliny. Je\u017celi Pa\u0144stwa klienci s\u0105 zainteresowani hodowl\u0105 ryb, mog\u0105 skorzysta\u0107 z naszego kojca dla narybku przed\u0142u\u017caj\u0105cego \u017cywotno\u015b\u0107 narybku, chroni\u0105c go przed zjedzeniem.<\/p>\n<p>Terraria przeno\u015bne<\/p>\n<p>Kuwety dla kota oraz \u0142opatki dla kota<\/p>\n<p>Ptaki<\/p>\n<p>Artyku\u0142y dla chomika<\/p>\n<p>P\u0142azy, Ssaki, Gady, Gryzonie<\/p>\n<p>Ryby<\/p>\n<p>Lista Produkt\u00f3w<\/p>\n<p>Prosimy o po\u015bwi\u0119cenie kilku minut na zapoznanie si\u0119 ze szczeg\u00f3\u0142ami dotycz\u0105cymi naszych licznych interesuj\u0105cych produkt\u00f3w:<\/p>\n<p>Przeno\u015bne terraria \u2013 Uniwersalne, przeno\u015bne terraria Sum Plast s\u0105 wykonane z trwa\u0142ego, lekkiego, przezroczystego plastiku umo\u017cliwiaj\u0105cego wygodne podr\u00f3\u017cowanie. Dost\u0119pne s\u0105 w trzech rozmiarach zapewniaj\u0105cych idealn\u0105 przestrze\u0144 dla insekt\u00f3w, gad\u00f3w b\u0105d\u017a gryzoni. Pa\u0144stwa klienci mog\u0105 wybra\u0107 terrarium o odpowiednim rozmiarze dla swojego zwierz\u0119cia lub takie, kt\u00f3re zapewni mu odpowiedni\u0105 przestrze\u0144, kiedy uro\u015bnie. Klienci r\u00f3wnie\u017c mog\u0105 swobodnie przenosi\u0107 swoje zwierz\u0119ta dzi\u0119ki wygodnej do trzymania r\u0105czce. \u015aci\u0105gana pokrywa posiada okienko, kt\u00f3re otwiera si\u0119 umo\u017cliwiaj\u0105c swobodne karmienie zwierz\u0119cia lub wyci\u0105ganie go z terrarium. Nasze solidne plastikowe pokrywy do terrari\u00f3w dost\u0119pne s\u0105 w r\u00f3\u017cnych kolorach umo\u017cliwiaj\u0105cych dopasowanie do upodoba\u0144 klienta lub wystroju wn\u0119trza. Pa\u0144stwa klienci mog\u0105 u\u017cywa\u0107 terraria Sum-Plast na sta\u0142e lub tymczasowo podczas sprz\u0105tania sta\u0142ego terrarium zwierz\u0119cia.<\/p>\n<p>Karuzela dla chomika &#8211; Karuzele Sum Plast ze szczebelkami dla chomik\u00f3w s\u0105 wykonane z trwa\u0142ego plastiku i posiadaj\u0105 regulowany uchwyt umo\u017cliwiaj\u0105cy kontrol\u0119 wysoko\u015bci. Nawet w przypadku ograniczonej przestrzeni, dzi\u0119ki naszym karuzelom chomiki i inne ma\u0142e gryzonie mog\u0105 wybiega\u0107 si\u0119 do woli. Karuzele nadaj\u0105 si\u0119 idealnie do akwari\u00f3w jak r\u00f3wnie\u017c do klatek. Nasze \u0142atwe do czyszczenia karuzele dost\u0119pne s\u0105 w wielu kolorach.<\/p>\n<p>Domek dla chomika &#8211; Domki dla chomik\u00f3w Sum Plast zapewniaj\u0105 ma\u0142ym gryzoniom bezpieczne schronienie. Bez wzgl\u0119du na to, czy Pa\u0144stwa klienci posiadaj\u0105 \u015bwink\u0119 morsk\u0105, mysz, szczura, czy innego ma\u0142ego gryzonia, nasz domek dla chomik\u00f3w szybko stanie si\u0119 lubianym przez nie miejscem. Nasi futrza\u015bci przyjaciele mog\u0105 z \u0142atwo\u015bci\u0105 wchodzi\u0107 do domku i wychodzi\u0107 z niego przez du\u017ce otwory, a okna dostarczaj\u0105 im dodatkowo przyjemnego widoku. Pa\u0144stwa klienci mog\u0105 umie\u015bci\u0107 ten solidny, \u0142atwy do czyszczenia domek dla chomika w terrarium lub w klatce zapewniaj\u0105c swojemu chomikowi lub innemu gryzoniowi idealne miejsce wypoczynku. Ma\u0142y domek dla chomika stawia si\u0119 bezpo\u015brednio na pod\u0142odze klatki, a wi\u0119kszy model posiada w\u0142asn\u0105 pod\u0142og\u0119 u\u0142atwiaj\u0105c\u0105 sprz\u0105tanie. Oba rozmiary dost\u0119pne s\u0105 w r\u00f3\u017cnych kolorach.<\/p>\n<p>Kotnik\/kojec dla narybku &#8211; Pa\u0144stwa klienci mog\u0105 chroni\u0107 nowo narodzony narybek przed atakiem matki dzi\u0119ki dwucz\u0119\u015bciowym kotnikom i obserwowa\u0107 jego rozw\u00f3j do momentu osi\u0105gni\u0119cia odpowiedniego rozmiaru i wypuszczenia do akwarium og\u00f3lnego. Te \u0142atwe w u\u017cyciu kotnik i kojec idealnie nadaj\u0105 si\u0119 do zapewnienia bezpiecze\u0144stwa narybkowi. Oba elementy posiadaj\u0105 haczyki umo\u017cliwiaj\u0105ce ich bezpieczne umocowanie wewn\u0105trz akwarium. Ma\u0142y kotnik wk\u0142ada si\u0119 do wi\u0119kszego kojca w akwarium. Po umieszczeniu kotnej matki w ma\u0142ym kotniku, narybek b\u0119dzie m\u00f3g\u0142 wyp\u0142yn\u0105\u0107 przez niewielkie otwory do wi\u0119kszego kojca. Po zako\u0144czonym porodzie, matk\u0119 mo\u017cna wy\u0142owi\u0107 i umie\u015bci\u0107 z powrotem w g\u0142\u00f3wnym akwarium do momentu, a\u017c narybek b\u0119dzie wystarczaj\u0105co du\u017cy, \u017ceby do niej do\u0142\u0105czy\u0107. Nasz kotnik jest solidny, prosty do zamocowania i wyci\u0105gni\u0119cia oraz \u0142atwy do czyszczenia.<\/p>\n<p>Automatyczne poide\u0142ko dla ptak\u00f3w &#8211; Automatyczne poide\u0142ko Sum Plast wykonane jest z trwa\u0142ego przezroczystego plastiku umo\u017cliwiaj\u0105cego klientom \u0142atwe kontrolowanie poziomu wody. Mo\u017cna je umie\u015bci\u0107 obok ulubionej \u017cerdki\/kolby, aby ptaki mog\u0142y si\u0119 wygodnie napi\u0107. Automatyczne poide\u0142ko uwalnia wod\u0119 do podstawki w ilo\u015bci dostosowanej do potrzeb ptak\u00f3w zapewniaj\u0105c im sta\u0142y dost\u0119p do \u015bwie\u017cej wody zabezpieczonej przed pi\u00f3rami, odchodami oraz odpadami. \u0179r\u00f3d\u0142o czystej wody pomaga utrzyma\u0107 ptaki w dobrej kondycji i zdrowiu. Nasze automatyczne poide\u0142ka posiadaj\u0105 akcenty w wielu kolorach. Je\u017celi Pa\u0144stwa klienci musz\u0105 wyjecha\u0107, automatyczne poide\u0142ko zapewni ich ptakom dost\u0119p do czystej wody podczas ich nieobecno\u015bci.<\/p>\n<p>Automatyczne karmide\u0142ko dla ptak\u00f3w &#8211; Przezroczyste karmide\u0142ko Sum Plast dla ptak\u00f3w mo\u017cna wygodnie zamontowa\u0107 na zewn\u0105trz klatki. W\u0142a\u015bciciele ptak\u00f3w mog\u0105 po prostu wsypa\u0107 pokarm do karmide\u0142ka, kt\u00f3re b\u0119dzie go automatyczne dozowa\u0107 do ma\u0142ej tacki. Automatyczne karmide\u0142ko dla ptak\u00f3w utrzymuje \u015bwie\u017co\u015b\u0107 pokarmu i zabezpiecza go przed zanieczyszczeniami pomagaj\u0105c utrzyma\u0107 ptaki w dobrej kondycji i zdrowiu. Nasze automatyczne karmide\u0142ka dla ptak\u00f3w s\u0105 dost\u0119pne w ma\u0142ych i du\u017cych rozmiarach.<\/p>\n<p>Trzycz\u0119\u015bciowe karmide\u0142ko dla ptak\u00f3w &#8211; Przezroczyste trzycz\u0119\u015bciowe karmide\u0142ko Sum Plast dla ptak\u00f3w u\u0142atwia kontrolowanie spo\u017cycia pokarmu przez ptaki, dzi\u0119ki czemu w\u0142a\u015bciciele wiedz\u0105 dok\u0142adnie, kiedy trzeba je uzupe\u0142ni\u0107. Karmide\u0142ka mo\u017cna u\u017cywa\u0107 z przykrywk\u0105 lub bez niej. Jednak stosowanie przykrywki zapobiega wydostawaniu si\u0119 niespo\u017cytego pokarmu i pomaga utrzyma\u0107 klatk\u0119 w czysto\u015bci. Przykrywka jest wyposa\u017cona w du\u017cy otw\u00f3r u\u0142atwiaj\u0105cy spo\u017cycie pokarmu. Karmide\u0142ko jest dost\u0119pne z akcentami w wielu r\u00f3\u017cnych kolorach.<\/p>\n<p>Karmide\u0142ko dla ptak\u00f3w z metalowym drutem &#8211; Wisz\u0105ce plastikowe karmide\u0142ka Sum Plast dla ptak\u00f3w dost\u0119pne s\u0105 w wielu \u017cywych kolorach. Metalowe haczyki wygodnie zabezpieczaj\u0105 karmide\u0142ko na nier\u00f3wnych powierzchniach. Mo\u017cna je zawiesi\u0107 na ulubionej ga\u0142\u0119zi, a ptaki b\u0119d\u0105 mog\u0142y je\u015b\u0107 swobodnie.<\/p>\n<p>Basen dla ptak\u00f3w &#8211; Plastikowe baseny Sum Plast dla ptak\u00f3w s\u0105 solidne i zapewniaj\u0105 ptakom swobod\u0119 ruchu podczas k\u0105pieli. Basen mo\u017cna zawiesi\u0107 w klatce, \u017ceby ptaki mog\u0142y korzysta\u0107 z wody. Regularne k\u0105piele pomagaj\u0105 utrzyma\u0107 ptaki w czysto\u015bci i zdrowiu. Baseny dost\u0119pne s\u0105 w wielu kolorach.<\/p>\n<p>Miski dla myszy &#8211; Miski Sum Plast dla myszy dost\u0119pne s\u0105 w wielu \u017cywych kolorach. Solidne plastikowe miski nadaj\u0105ce si\u0119 do mycia w zmywarce s\u0105 odpowiedniej wielko\u015bci dla myszy i innych ma\u0142ych gryzoni.<\/p>\n<p>Karmide\u0142ko dla chomika &#8211; Owalne karmide\u0142ka Sum Plast dla chomik\u00f3w nadaj\u0105ce si\u0119 do mycia w zmywarce wyst\u0119puj\u0105 w wielu kolorach. Te trwa\u0142e karmide\u0142ka s\u0105 idealne do podawania pokarmu lub wody.<\/p>\n<p>Miski dla ma\u0142ych zwierz\u0105t &#8211; Prostok\u0105tne miseczki Sum Plast dla ma\u0142ych zwierz\u0105t s\u0105 solidne, nadaj\u0105 si\u0119 do mycia w zmywarce, a ich odpowiednio dobrana wysoko\u015b\u0107 umo\u017cliwia ma\u0142ym zwierz\u0119tom swobodny dost\u0119p do pokarmu i wody. S\u0105 idealne dla fretek, szczur\u00f3w i innych ma\u0142ych zwierz\u0105t. Prostok\u0105tny kszta\u0142t umo\u017cliwia ich wygodne umieszczenie w naro\u017cniku. Mo\u017cecie Pa\u0144stwo wybiera\u0107 spo\u015br\u00f3d wielu r\u00f3\u017cnych kolor\u00f3w.<\/p>\n<p>\u0141opatka do kuwety dla kota &#8211; Wysokiej jako\u015bci \u0142opatki Sum Plast do kuwety dla kot\u00f3w s\u0105 wyprofilowane tak aby umo\u017cliwia\u0107 przenoszenie odpad\u00f3w bez rozsypywania. Mo\u017cna je r\u00f3wnie\u017c wygodnie przechowywa\u0107 na haczyku zawieszonym w pobli\u017cu kuwety. Te \u0142atwe do umycia \u0142opatki s\u0105 niezb\u0119dne dla ka\u017cdego w\u0142a\u015bciciela kota. Pomagaj\u0105 utrzyma\u0107 kuwet\u0119 w czysto\u015bci i unikn\u0105\u0107 przykrego zapachu.<\/p>\n<p>Kuweta dla kota (ma\u0142a) &#8211; Ma\u0142a kuweta Sum Plast jest idealna dla ma\u0142ych kot\u00f3w i koci\u0105t. Solidny plastik \u0142atwo si\u0119 czy\u015bci, nadaje si\u0119 do mycia wod\u0105, a ponadto wyst\u0119puje w wielu kolorach.<\/p>\n<p>Kuweta dla kota (\u015brednia) &#8211; \u015arednia kuweta Sum Plast zapewnia wystarczaj\u0105c\u0105 przestrze\u0144 dla potrzeb kot\u00f3w \u015bredniej wielko\u015bci. Solidny plastik \u0142atwo si\u0119 czy\u015bci, nadaje si\u0119 do mycia wod\u0105, a ponadto wyst\u0119puje w wielu kolorach.<\/p>\n<p>Kuweta dla kota (du\u017ca) &#8211; Nasza du\u017ca kuweta zapewnia wystarczaj\u0105c\u0105 przestrze\u0144 dla potrzeb du\u017cych kot\u00f3w. Solidny plastik \u0142atwo si\u0119 czy\u015bci, nadaje si\u0119 do mycia wod\u0105, a ponadto wyst\u0119puje w wielu kolorach.<\/p>\n<p>W\u0119giel aktywny do akwari\u00f3w &#8211; W\u0119giel aktywny Sum Plast pomo\u017ce utrzyma\u0107 akwaria w czysto\u015bci i \u015bwie\u017co\u015bci. Niewielka ilo\u015b\u0107 w\u0119gla aktywnego usunie chlor, zanieczyszczenia, toksyny i inne zwi\u0105zki chemiczne mog\u0105ce nadawa\u0107 wodzie w akwarium \u017c\u00f3\u0142tawy odcie\u0144, kt\u00f3rego nie mo\u017cna usun\u0105\u0107 w \u017caden inny spos\u00f3b. W wielu systemach filtracji stosuje si\u0119 kombinacj\u0119 wk\u0142ad\u00f3w z w\u0119gla aktywnego i waty filtruj\u0105cej.<\/p>\n<p>Wata filtruj\u0105ca &#8211; Wata filtruj\u0105ca Sum Plast pomaga usun\u0105\u0107 z akwari\u00f3w i sadzawek zanieczyszczenia, kt\u00f3re mog\u0142yby zaszkodzi\u0107 rybom lub innym organizmom wodnym. Poch\u0142ania ona drobiny i odpady sprawiaj\u0105c, \u017ce akwaria i sadzawki l\u015bni\u0105 czysto\u015bci\u0105. Nietoksyczna wata filtruj\u0105ca jest \u0142atwa w zastosowaniu i pomaga zapobiega\u0107 blokowaniu si\u0119 filtra.<\/p>\n<p>Prosimy o kontakt, aby\u015bmy mogli pom\u00f3c Pa\u0144stwu w dostarczeniu klientom wyj\u0105tkowych produkt\u00f3w dla zwierz\u0105t.<\/p>\n<p>Opisy innych produkt\u00f3w<\/p>\n<p>Produkty Sum Plast sprawiaj\u0105, \u017ce opieka nad zwierz\u0119tami staje si\u0119 wygod\u0105, a jednocze\u015bnie wzrasta komfort zwierz\u0105t. Zdaj\u0105c sobie spraw\u0119 z faktu, \u017ce nasi klienci nie zawsze przebywaj\u0105 w domu, projektujemy nasze produkty w spos\u00f3b umo\u017cliwiaj\u0105cy bezproblemowe podr\u00f3\u017cowanie.[\/vc_column_text][\/vc_column][\/vc_row]<\/p>\n","protected":false},"excerpt":{"rendered":"<p>[vc_row][vc_column width=&#8221;2\/3&#8243;][\/vc_column][vc_column width=&#8221;1\/3&#8243;][vc_column_text]Przeno\u015bnie terraria Sum Plast umo\u017cliwiaj\u0105 naszym klientom przewo\u017cenie zwierz\u0105t do domk\u00f3w letniskowych, miejscowo\u015bci wypoczynkowych i innych dogodnych dla nich lokalizacji. Dzi\u0119ki wykorzystaniu naszych terrari\u00f3w, klient oszcz\u0119dza sobie k\u0142opotu z szukaniem kogo\u015b, kto zaopiekowa\u0142by si\u0119 ich zwierz\u0119ciem b\u0105d\u017a wydawania pieni\u0119dzy na opiek\u0119 nad nim. Ponadto, b\u0119d\u0105 mogli cieszy\u0107 si\u0119 towarzystwem swojego zwierz\u0119cia przebywaj\u0105c poza [&hellip;]<\/p>\n","protected":false},"author":1,"featured_media":0,"parent":308,"menu_order":0,"comment_status":"closed","ping_status":"closed","template":"","meta":[],"_links":{"self":[{"href":"https:\/\/sumplast.com\/pl\/wp-json\/wp\/v2\/pages\/746"}],"collection":[{"href":"https:\/\/sumplast.com\/pl\/wp-json\/wp\/v2\/pages"}],"about":[{"href":"https:\/\/sumplast.com\/pl\/wp-json\/wp\/v2\/types\/page"}],"author":[{"embeddable":true,"href":"https:\/\/sumplast.com\/pl\/wp-json\/wp\/v2\/users\/1"}],"replies":[{"embeddable":true,"href":"https:\/\/sumplast.com\/pl\/wp-json\/wp\/v2\/comments?post=746"}],"version-history":[{"count":7,"href":"https:\/\/sumplast.com\/pl\/wp-json\/wp\/v2\/pages\/746\/revisions"}],"predecessor-version":[{"id":1380,"href":"https:\/\/sumplast.com\/pl\/wp-json\/wp\/v2\/pages\/746\/revisions\/1380"}],"up":[{"embeddable":true,"href":"https:\/\/sumplast.com\/pl\/wp-json\/wp\/v2\/pages\/308"}],"wp:attachment":[{"href":"https:\/\/sumplast.com\/pl\/wp-json\/wp\/v2\/media?parent=746"}],"curies":[{"name":"wp","href":"https:\/\/api.w.org\/{rel}","templated":true}]}}