{"id":1214,"date":"2015-07-05T20:52:25","date_gmt":"2015-07-05T20:52:25","guid":{"rendered":"https:\/\/sumplast.com\/?post_type=product&#038;p=1214"},"modified":"2015-07-05T20:52:25","modified_gmt":"2015-07-05T20:52:25","slug":"zabawka-dla-psa-kostka-gryzak-2","status":"publish","type":"product","link":"https:\/\/sumplast.com\/pl\/product\/zabawka-dla-psa-kostka-gryzak-2\/","title":{"rendered":"Kostka gryzak"},"content":{"rendered":"<p>D\u0142ugo\u015b\u0107: 15cm<\/p>\n","protected":false},"excerpt":{"rendered":"<p>D\u0142ugo\u015b\u0107: 15cm<\/p>\n","protected":false},"featured_media":1095,"comment_status":"closed","ping_status":"closed","template":"","meta":[],"product_cat":[27],"product_tag":[],"_links":{"self":[{"href":"https:\/\/sumplast.com\/pl\/wp-json\/wp\/v2\/product\/1214"}],"collection":[{"href":"https:\/\/sumplast.com\/pl\/wp-json\/wp\/v2\/product"}],"about":[{"href":"https:\/\/sumplast.com\/pl\/wp-json\/wp\/v2\/types\/product"}],"replies":[{"embeddable":true,"href":"https:\/\/sumplast.com\/pl\/wp-json\/wp\/v2\/comments?post=1214"}],"wp:featuredmedia":[{"embeddable":true,"href":"https:\/\/sumplast.com\/pl\/wp-json\/wp\/v2\/media\/1095"}],"wp:attachment":[{"href":"https:\/\/sumplast.com\/pl\/wp-json\/wp\/v2\/media?parent=1214"}],"wp:term":[{"taxonomy":"product_cat","embeddable":true,"href":"https:\/\/sumplast.com\/pl\/wp-json\/wp\/v2\/product_cat?post=1214"},{"taxonomy":"product_tag","embeddable":true,"href":"https:\/\/sumplast.com\/pl\/wp-json\/wp\/v2\/product_tag?post=1214"}],"curies":[{"name":"wp","href":"https:\/\/api.w.org\/{rel}","templated":true}]}}