{"id":1225,"date":"2015-07-05T21:31:06","date_gmt":"2015-07-05T21:31:06","guid":{"rendered":"https:\/\/sumplast.com\/?post_type=product&#038;p=1225"},"modified":"2015-07-05T21:31:06","modified_gmt":"2015-07-05T21:31:06","slug":"zabawka-dla-psa-hantel-1","status":"publish","type":"product","link":"https:\/\/sumplast.com\/pl\/product\/zabawka-dla-psa-hantel-1\/","title":{"rendered":"Hantel 1"},"content":{"rendered":"<p>D\u0142ugo\u015b\u0107: 14cm<\/p>\n","protected":false},"excerpt":{"rendered":"<p>D\u0142ugo\u015b\u0107: 14cm<\/p>\n","protected":false},"featured_media":871,"comment_status":"closed","ping_status":"closed","template":"","meta":[],"product_cat":[27],"product_tag":[],"_links":{"self":[{"href":"https:\/\/sumplast.com\/pl\/wp-json\/wp\/v2\/product\/1225"}],"collection":[{"href":"https:\/\/sumplast.com\/pl\/wp-json\/wp\/v2\/product"}],"about":[{"href":"https:\/\/sumplast.com\/pl\/wp-json\/wp\/v2\/types\/product"}],"replies":[{"embeddable":true,"href":"https:\/\/sumplast.com\/pl\/wp-json\/wp\/v2\/comments?post=1225"}],"wp:featuredmedia":[{"embeddable":true,"href":"https:\/\/sumplast.com\/pl\/wp-json\/wp\/v2\/media\/871"}],"wp:attachment":[{"href":"https:\/\/sumplast.com\/pl\/wp-json\/wp\/v2\/media?parent=1225"}],"wp:term":[{"taxonomy":"product_cat","embeddable":true,"href":"https:\/\/sumplast.com\/pl\/wp-json\/wp\/v2\/product_cat?post=1225"},{"taxonomy":"product_tag","embeddable":true,"href":"https:\/\/sumplast.com\/pl\/wp-json\/wp\/v2\/product_tag?post=1225"}],"curies":[{"name":"wp","href":"https:\/\/api.w.org\/{rel}","templated":true}]}}