{"id":1226,"date":"2015-07-05T21:31:30","date_gmt":"2015-07-05T21:31:30","guid":{"rendered":"https:\/\/sumplast.com\/?post_type=product&#038;p=1226"},"modified":"2015-07-05T21:31:57","modified_gmt":"2015-07-05T21:31:57","slug":"zabawka-dla-psa-hantel-2","status":"publish","type":"product","link":"https:\/\/sumplast.com\/pl\/product\/zabawka-dla-psa-hantel-2\/","title":{"rendered":"Hantel 2"},"content":{"rendered":"<p>D\u0142ugo\u015b\u0107: 19cm<\/p>\n","protected":false},"excerpt":{"rendered":"<p>D\u0142ugo\u015b\u0107: 19cm<\/p>\n","protected":false},"featured_media":872,"comment_status":"closed","ping_status":"closed","template":"","meta":[],"product_cat":[27],"product_tag":[],"_links":{"self":[{"href":"https:\/\/sumplast.com\/pl\/wp-json\/wp\/v2\/product\/1226"}],"collection":[{"href":"https:\/\/sumplast.com\/pl\/wp-json\/wp\/v2\/product"}],"about":[{"href":"https:\/\/sumplast.com\/pl\/wp-json\/wp\/v2\/types\/product"}],"replies":[{"embeddable":true,"href":"https:\/\/sumplast.com\/pl\/wp-json\/wp\/v2\/comments?post=1226"}],"wp:featuredmedia":[{"embeddable":true,"href":"https:\/\/sumplast.com\/pl\/wp-json\/wp\/v2\/media\/872"}],"wp:attachment":[{"href":"https:\/\/sumplast.com\/pl\/wp-json\/wp\/v2\/media?parent=1226"}],"wp:term":[{"taxonomy":"product_cat","embeddable":true,"href":"https:\/\/sumplast.com\/pl\/wp-json\/wp\/v2\/product_cat?post=1226"},{"taxonomy":"product_tag","embeddable":true,"href":"https:\/\/sumplast.com\/pl\/wp-json\/wp\/v2\/product_tag?post=1226"}],"curies":[{"name":"wp","href":"https:\/\/api.w.org\/{rel}","templated":true}]}}