{"id":1234,"date":"2015-07-05T21:48:44","date_gmt":"2015-07-05T21:48:44","guid":{"rendered":"https:\/\/sumplast.com\/?post_type=product&#038;p=1234"},"modified":"2015-07-05T21:48:44","modified_gmt":"2015-07-05T21:48:44","slug":"zabawka-dla-psa-kosmita-1","status":"publish","type":"product","link":"https:\/\/sumplast.com\/pl\/product\/zabawka-dla-psa-kosmita-1\/","title":{"rendered":"Kosmita"},"content":{"rendered":"<p>D\u0142ugo\u015b\u0107: 10cm<\/p>\n","protected":false},"excerpt":{"rendered":"<p>D\u0142ugo\u015b\u0107: 10cm<\/p>\n","protected":false},"featured_media":1179,"comment_status":"closed","ping_status":"closed","template":"","meta":[],"product_cat":[27],"product_tag":[],"_links":{"self":[{"href":"https:\/\/sumplast.com\/pl\/wp-json\/wp\/v2\/product\/1234"}],"collection":[{"href":"https:\/\/sumplast.com\/pl\/wp-json\/wp\/v2\/product"}],"about":[{"href":"https:\/\/sumplast.com\/pl\/wp-json\/wp\/v2\/types\/product"}],"replies":[{"embeddable":true,"href":"https:\/\/sumplast.com\/pl\/wp-json\/wp\/v2\/comments?post=1234"}],"wp:featuredmedia":[{"embeddable":true,"href":"https:\/\/sumplast.com\/pl\/wp-json\/wp\/v2\/media\/1179"}],"wp:attachment":[{"href":"https:\/\/sumplast.com\/pl\/wp-json\/wp\/v2\/media?parent=1234"}],"wp:term":[{"taxonomy":"product_cat","embeddable":true,"href":"https:\/\/sumplast.com\/pl\/wp-json\/wp\/v2\/product_cat?post=1234"},{"taxonomy":"product_tag","embeddable":true,"href":"https:\/\/sumplast.com\/pl\/wp-json\/wp\/v2\/product_tag?post=1234"}],"curies":[{"name":"wp","href":"https:\/\/api.w.org\/{rel}","templated":true}]}}