{"id":1247,"date":"2015-07-05T22:07:24","date_gmt":"2015-07-05T22:07:24","guid":{"rendered":"https:\/\/sumplast.com\/?post_type=product&#038;p=1247"},"modified":"2015-07-05T22:07:24","modified_gmt":"2015-07-05T22:07:24","slug":"pilka-aportowa-3","status":"publish","type":"product","link":"https:\/\/sumplast.com\/pl\/product\/pilka-aportowa-3\/","title":{"rendered":"Pi\u0142ka aportowa 3"},"content":{"rendered":"<p>\u015arednica pi\u0142ki: 8cm<\/p>\n","protected":false},"excerpt":{"rendered":"<p>\u015arednica pi\u0142ki: 8cm<\/p>\n","protected":false},"featured_media":1112,"comment_status":"closed","ping_status":"closed","template":"","meta":[],"product_cat":[27],"product_tag":[],"_links":{"self":[{"href":"https:\/\/sumplast.com\/pl\/wp-json\/wp\/v2\/product\/1247"}],"collection":[{"href":"https:\/\/sumplast.com\/pl\/wp-json\/wp\/v2\/product"}],"about":[{"href":"https:\/\/sumplast.com\/pl\/wp-json\/wp\/v2\/types\/product"}],"replies":[{"embeddable":true,"href":"https:\/\/sumplast.com\/pl\/wp-json\/wp\/v2\/comments?post=1247"}],"wp:featuredmedia":[{"embeddable":true,"href":"https:\/\/sumplast.com\/pl\/wp-json\/wp\/v2\/media\/1112"}],"wp:attachment":[{"href":"https:\/\/sumplast.com\/pl\/wp-json\/wp\/v2\/media?parent=1247"}],"wp:term":[{"taxonomy":"product_cat","embeddable":true,"href":"https:\/\/sumplast.com\/pl\/wp-json\/wp\/v2\/product_cat?post=1247"},{"taxonomy":"product_tag","embeddable":true,"href":"https:\/\/sumplast.com\/pl\/wp-json\/wp\/v2\/product_tag?post=1247"}],"curies":[{"name":"wp","href":"https:\/\/api.w.org\/{rel}","templated":true}]}}