{"id":1279,"date":"2015-10-13T20:05:30","date_gmt":"2015-10-13T20:05:30","guid":{"rendered":"https:\/\/sumplast.com\/pl\/?post_type=product&#038;p=1279"},"modified":"2015-10-13T20:09:56","modified_gmt":"2015-10-13T20:09:56","slug":"pilka-azurowa","status":"publish","type":"product","link":"https:\/\/sumplast.com\/pl\/product\/pilka-azurowa\/","title":{"rendered":"Pi\u0142ka A\u017curowa"},"content":{"rendered":"<p>\u015arednica 14cm<\/p>\n","protected":false},"excerpt":{"rendered":"<p>\u015arednica 14cm<\/p>\n","protected":false},"featured_media":1280,"comment_status":"closed","ping_status":"closed","template":"","meta":[],"product_cat":[30],"product_tag":[],"_links":{"self":[{"href":"https:\/\/sumplast.com\/pl\/wp-json\/wp\/v2\/product\/1279"}],"collection":[{"href":"https:\/\/sumplast.com\/pl\/wp-json\/wp\/v2\/product"}],"about":[{"href":"https:\/\/sumplast.com\/pl\/wp-json\/wp\/v2\/types\/product"}],"replies":[{"embeddable":true,"href":"https:\/\/sumplast.com\/pl\/wp-json\/wp\/v2\/comments?post=1279"}],"wp:featuredmedia":[{"embeddable":true,"href":"https:\/\/sumplast.com\/pl\/wp-json\/wp\/v2\/media\/1280"}],"wp:attachment":[{"href":"https:\/\/sumplast.com\/pl\/wp-json\/wp\/v2\/media?parent=1279"}],"wp:term":[{"taxonomy":"product_cat","embeddable":true,"href":"https:\/\/sumplast.com\/pl\/wp-json\/wp\/v2\/product_cat?post=1279"},{"taxonomy":"product_tag","embeddable":true,"href":"https:\/\/sumplast.com\/pl\/wp-json\/wp\/v2\/product_tag?post=1279"}],"curies":[{"name":"wp","href":"https:\/\/api.w.org\/{rel}","templated":true}]}}