{"id":1298,"date":"2015-10-13T23:19:23","date_gmt":"2015-10-13T23:19:23","guid":{"rendered":"https:\/\/sumplast.com\/pl\/?post_type=product&#038;p=1298"},"modified":"2015-10-13T23:19:23","modified_gmt":"2015-10-13T23:19:23","slug":"miska-0","status":"publish","type":"product","link":"https:\/\/sumplast.com\/pl\/product\/miska-0\/","title":{"rendered":"Miska 0"},"content":{"rendered":"<p>Obj\u0119to\u015b\u0107: 0.2l<\/p>\n","protected":false},"excerpt":{"rendered":"<p>Obj\u0119to\u015b\u0107: 0.2l<\/p>\n","protected":false},"featured_media":1142,"comment_status":"closed","ping_status":"closed","template":"","meta":[],"product_cat":[25],"product_tag":[],"_links":{"self":[{"href":"https:\/\/sumplast.com\/pl\/wp-json\/wp\/v2\/product\/1298"}],"collection":[{"href":"https:\/\/sumplast.com\/pl\/wp-json\/wp\/v2\/product"}],"about":[{"href":"https:\/\/sumplast.com\/pl\/wp-json\/wp\/v2\/types\/product"}],"replies":[{"embeddable":true,"href":"https:\/\/sumplast.com\/pl\/wp-json\/wp\/v2\/comments?post=1298"}],"wp:featuredmedia":[{"embeddable":true,"href":"https:\/\/sumplast.com\/pl\/wp-json\/wp\/v2\/media\/1142"}],"wp:attachment":[{"href":"https:\/\/sumplast.com\/pl\/wp-json\/wp\/v2\/media?parent=1298"}],"wp:term":[{"taxonomy":"product_cat","embeddable":true,"href":"https:\/\/sumplast.com\/pl\/wp-json\/wp\/v2\/product_cat?post=1298"},{"taxonomy":"product_tag","embeddable":true,"href":"https:\/\/sumplast.com\/pl\/wp-json\/wp\/v2\/product_tag?post=1298"}],"curies":[{"name":"wp","href":"https:\/\/api.w.org\/{rel}","templated":true}]}}