{"id":1299,"date":"2015-10-13T23:22:26","date_gmt":"2015-10-13T23:22:26","guid":{"rendered":"https:\/\/sumplast.com\/pl\/?post_type=product&#038;p=1299"},"modified":"2015-10-13T23:22:26","modified_gmt":"2015-10-13T23:22:26","slug":"karmidelko-automatyczne-dla-ptaktow-duze","status":"publish","type":"product","link":"https:\/\/sumplast.com\/pl\/product\/karmidelko-automatyczne-dla-ptaktow-duze\/","title":{"rendered":"Karmide\u0142ko Automatyczne dla Ptakt\u00f3w Du\u017ce"},"content":{"rendered":"<p>Wysoko\u015b\u0107 12.4cm<\/p>\n","protected":false},"excerpt":{"rendered":"<p>Wysoko\u015b\u0107 12.4cm<\/p>\n","protected":false},"featured_media":1170,"comment_status":"closed","ping_status":"closed","template":"","meta":[],"product_cat":[28],"product_tag":[],"_links":{"self":[{"href":"https:\/\/sumplast.com\/pl\/wp-json\/wp\/v2\/product\/1299"}],"collection":[{"href":"https:\/\/sumplast.com\/pl\/wp-json\/wp\/v2\/product"}],"about":[{"href":"https:\/\/sumplast.com\/pl\/wp-json\/wp\/v2\/types\/product"}],"replies":[{"embeddable":true,"href":"https:\/\/sumplast.com\/pl\/wp-json\/wp\/v2\/comments?post=1299"}],"wp:featuredmedia":[{"embeddable":true,"href":"https:\/\/sumplast.com\/pl\/wp-json\/wp\/v2\/media\/1170"}],"wp:attachment":[{"href":"https:\/\/sumplast.com\/pl\/wp-json\/wp\/v2\/media?parent=1299"}],"wp:term":[{"taxonomy":"product_cat","embeddable":true,"href":"https:\/\/sumplast.com\/pl\/wp-json\/wp\/v2\/product_cat?post=1299"},{"taxonomy":"product_tag","embeddable":true,"href":"https:\/\/sumplast.com\/pl\/wp-json\/wp\/v2\/product_tag?post=1299"}],"curies":[{"name":"wp","href":"https:\/\/api.w.org\/{rel}","templated":true}]}}