{"id":1307,"date":"2015-10-14T02:03:06","date_gmt":"2015-10-14T02:03:06","guid":{"rendered":"https:\/\/sumplast.com\/pl\/?post_type=product&#038;p=1307"},"modified":"2015-10-14T02:03:06","modified_gmt":"2015-10-14T02:03:06","slug":"miska-dla-kota","status":"publish","type":"product","link":"https:\/\/sumplast.com\/pl\/product\/miska-dla-kota\/","title":{"rendered":"Miska dla Kota"},"content":{"rendered":"<p>Obj\u0119to\u015b\u0107: 0.30l<\/p>\n","protected":false},"excerpt":{"rendered":"<p>Obj\u0119to\u015b\u0107: 0.30l<\/p>\n","protected":false},"featured_media":1141,"comment_status":"closed","ping_status":"closed","template":"","meta":[],"product_cat":[25],"product_tag":[],"_links":{"self":[{"href":"https:\/\/sumplast.com\/pl\/wp-json\/wp\/v2\/product\/1307"}],"collection":[{"href":"https:\/\/sumplast.com\/pl\/wp-json\/wp\/v2\/product"}],"about":[{"href":"https:\/\/sumplast.com\/pl\/wp-json\/wp\/v2\/types\/product"}],"replies":[{"embeddable":true,"href":"https:\/\/sumplast.com\/pl\/wp-json\/wp\/v2\/comments?post=1307"}],"wp:featuredmedia":[{"embeddable":true,"href":"https:\/\/sumplast.com\/pl\/wp-json\/wp\/v2\/media\/1141"}],"wp:attachment":[{"href":"https:\/\/sumplast.com\/pl\/wp-json\/wp\/v2\/media?parent=1307"}],"wp:term":[{"taxonomy":"product_cat","embeddable":true,"href":"https:\/\/sumplast.com\/pl\/wp-json\/wp\/v2\/product_cat?post=1307"},{"taxonomy":"product_tag","embeddable":true,"href":"https:\/\/sumplast.com\/pl\/wp-json\/wp\/v2\/product_tag?post=1307"}],"curies":[{"name":"wp","href":"https:\/\/api.w.org\/{rel}","templated":true}]}}