{"id":1308,"date":"2015-10-14T02:05:30","date_gmt":"2015-10-14T02:05:30","guid":{"rendered":"https:\/\/sumplast.com\/pl\/?post_type=product&#038;p=1308"},"modified":"2015-10-14T02:05:30","modified_gmt":"2015-10-14T02:05:30","slug":"miska-dla-spaniela","status":"publish","type":"product","link":"https:\/\/sumplast.com\/pl\/product\/miska-dla-spaniela\/","title":{"rendered":"Miska dla Spaniela"},"content":{"rendered":"<p>Obj\u0119to\u015b\u0107: 0.6l<\/p>\n","protected":false},"excerpt":{"rendered":"<p>Obj\u0119to\u015b\u0107: 0.6l<\/p>\n","protected":false},"featured_media":1140,"comment_status":"closed","ping_status":"closed","template":"","meta":[],"product_cat":[25],"product_tag":[],"_links":{"self":[{"href":"https:\/\/sumplast.com\/pl\/wp-json\/wp\/v2\/product\/1308"}],"collection":[{"href":"https:\/\/sumplast.com\/pl\/wp-json\/wp\/v2\/product"}],"about":[{"href":"https:\/\/sumplast.com\/pl\/wp-json\/wp\/v2\/types\/product"}],"replies":[{"embeddable":true,"href":"https:\/\/sumplast.com\/pl\/wp-json\/wp\/v2\/comments?post=1308"}],"wp:featuredmedia":[{"embeddable":true,"href":"https:\/\/sumplast.com\/pl\/wp-json\/wp\/v2\/media\/1140"}],"wp:attachment":[{"href":"https:\/\/sumplast.com\/pl\/wp-json\/wp\/v2\/media?parent=1308"}],"wp:term":[{"taxonomy":"product_cat","embeddable":true,"href":"https:\/\/sumplast.com\/pl\/wp-json\/wp\/v2\/product_cat?post=1308"},{"taxonomy":"product_tag","embeddable":true,"href":"https:\/\/sumplast.com\/pl\/wp-json\/wp\/v2\/product_tag?post=1308"}],"curies":[{"name":"wp","href":"https:\/\/api.w.org\/{rel}","templated":true}]}}