{"id":1310,"date":"2015-10-14T02:06:59","date_gmt":"2015-10-14T02:06:59","guid":{"rendered":"https:\/\/sumplast.com\/pl\/?post_type=product&#038;p=1310"},"modified":"2015-10-14T02:06:59","modified_gmt":"2015-10-14T02:06:59","slug":"miska-podwojna-mala","status":"publish","type":"product","link":"https:\/\/sumplast.com\/pl\/product\/miska-podwojna-mala\/","title":{"rendered":"Miska Podw\u00f3jna Ma\u0142a"},"content":{"rendered":"<p>Objeto\u015b\u0107: 0.30l<\/p>\n","protected":false},"excerpt":{"rendered":"<p>Objeto\u015b\u0107: 0.30l<\/p>\n","protected":false},"featured_media":1147,"comment_status":"closed","ping_status":"closed","template":"","meta":[],"product_cat":[25],"product_tag":[],"_links":{"self":[{"href":"https:\/\/sumplast.com\/pl\/wp-json\/wp\/v2\/product\/1310"}],"collection":[{"href":"https:\/\/sumplast.com\/pl\/wp-json\/wp\/v2\/product"}],"about":[{"href":"https:\/\/sumplast.com\/pl\/wp-json\/wp\/v2\/types\/product"}],"replies":[{"embeddable":true,"href":"https:\/\/sumplast.com\/pl\/wp-json\/wp\/v2\/comments?post=1310"}],"wp:featuredmedia":[{"embeddable":true,"href":"https:\/\/sumplast.com\/pl\/wp-json\/wp\/v2\/media\/1147"}],"wp:attachment":[{"href":"https:\/\/sumplast.com\/pl\/wp-json\/wp\/v2\/media?parent=1310"}],"wp:term":[{"taxonomy":"product_cat","embeddable":true,"href":"https:\/\/sumplast.com\/pl\/wp-json\/wp\/v2\/product_cat?post=1310"},{"taxonomy":"product_tag","embeddable":true,"href":"https:\/\/sumplast.com\/pl\/wp-json\/wp\/v2\/product_tag?post=1310"}],"curies":[{"name":"wp","href":"https:\/\/api.w.org\/{rel}","templated":true}]}}