{"id":1315,"date":"2015-10-14T02:11:07","date_gmt":"2015-10-14T02:11:07","guid":{"rendered":"https:\/\/sumplast.com\/pl\/?post_type=product&#038;p=1315"},"modified":"2015-10-14T02:11:07","modified_gmt":"2015-10-14T02:11:07","slug":"miska-lapka-4","status":"publish","type":"product","link":"https:\/\/sumplast.com\/pl\/product\/miska-lapka-4\/","title":{"rendered":"Miska \u0141apka 4"},"content":{"rendered":"<p>Obj\u0119to\u015b\u0107: 2.5l<\/p>\n","protected":false},"excerpt":{"rendered":"<p>Obj\u0119to\u015b\u0107: 2.5l<\/p>\n","protected":false},"featured_media":1139,"comment_status":"closed","ping_status":"closed","template":"","meta":[],"product_cat":[25],"product_tag":[],"_links":{"self":[{"href":"https:\/\/sumplast.com\/pl\/wp-json\/wp\/v2\/product\/1315"}],"collection":[{"href":"https:\/\/sumplast.com\/pl\/wp-json\/wp\/v2\/product"}],"about":[{"href":"https:\/\/sumplast.com\/pl\/wp-json\/wp\/v2\/types\/product"}],"replies":[{"embeddable":true,"href":"https:\/\/sumplast.com\/pl\/wp-json\/wp\/v2\/comments?post=1315"}],"wp:featuredmedia":[{"embeddable":true,"href":"https:\/\/sumplast.com\/pl\/wp-json\/wp\/v2\/media\/1139"}],"wp:attachment":[{"href":"https:\/\/sumplast.com\/pl\/wp-json\/wp\/v2\/media?parent=1315"}],"wp:term":[{"taxonomy":"product_cat","embeddable":true,"href":"https:\/\/sumplast.com\/pl\/wp-json\/wp\/v2\/product_cat?post=1315"},{"taxonomy":"product_tag","embeddable":true,"href":"https:\/\/sumplast.com\/pl\/wp-json\/wp\/v2\/product_tag?post=1315"}],"curies":[{"name":"wp","href":"https:\/\/api.w.org\/{rel}","templated":true}]}}