{"id":1321,"date":"2015-10-14T02:15:28","date_gmt":"2015-10-14T02:15:28","guid":{"rendered":"https:\/\/sumplast.com\/pl\/?post_type=product&#038;p=1321"},"modified":"2015-10-14T02:17:24","modified_gmt":"2015-10-14T02:17:24","slug":"miska-turystyczna-3","status":"publish","type":"product","link":"https:\/\/sumplast.com\/pl\/product\/miska-turystyczna-3\/","title":{"rendered":"Miska Turystyczna 3"},"content":{"rendered":"<p>Obj\u0119to\u015b\u0107: 1.5l<\/p>\n","protected":false},"excerpt":{"rendered":"<p>Obj\u0119to\u015b\u0107: 1.5l<\/p>\n","protected":false},"featured_media":1150,"comment_status":"closed","ping_status":"closed","template":"","meta":[],"product_cat":[25],"product_tag":[],"_links":{"self":[{"href":"https:\/\/sumplast.com\/pl\/wp-json\/wp\/v2\/product\/1321"}],"collection":[{"href":"https:\/\/sumplast.com\/pl\/wp-json\/wp\/v2\/product"}],"about":[{"href":"https:\/\/sumplast.com\/pl\/wp-json\/wp\/v2\/types\/product"}],"replies":[{"embeddable":true,"href":"https:\/\/sumplast.com\/pl\/wp-json\/wp\/v2\/comments?post=1321"}],"wp:featuredmedia":[{"embeddable":true,"href":"https:\/\/sumplast.com\/pl\/wp-json\/wp\/v2\/media\/1150"}],"wp:attachment":[{"href":"https:\/\/sumplast.com\/pl\/wp-json\/wp\/v2\/media?parent=1321"}],"wp:term":[{"taxonomy":"product_cat","embeddable":true,"href":"https:\/\/sumplast.com\/pl\/wp-json\/wp\/v2\/product_cat?post=1321"},{"taxonomy":"product_tag","embeddable":true,"href":"https:\/\/sumplast.com\/pl\/wp-json\/wp\/v2\/product_tag?post=1321"}],"curies":[{"name":"wp","href":"https:\/\/api.w.org\/{rel}","templated":true}]}}