{"id":1324,"date":"2015-10-14T02:18:42","date_gmt":"2015-10-14T02:18:42","guid":{"rendered":"https:\/\/sumplast.com\/pl\/?post_type=product&#038;p=1324"},"modified":"2015-10-25T20:14:40","modified_gmt":"2015-10-25T20:14:40","slug":"kuweta-dla-kota-mala","status":"publish","type":"product","link":"https:\/\/sumplast.com\/pl\/product\/kuweta-dla-kota-mala\/","title":{"rendered":"Kuweta dla Kota 1"},"content":{"rendered":"<p>D\u0142ugo\u015b\u0107: 40.3cm;<br \/>\nSzeroko\u015b\u0107: 29.8cm;<br \/>\nWysko\u015b\u0107: 13.5cm<\/p>\n","protected":false},"excerpt":{"rendered":"<p>D\u0142ugo\u015b\u0107: 40.3cm; Szeroko\u015b\u0107: 29.8cm; Wysko\u015b\u0107: 13.5cm<\/p>\n","protected":false},"featured_media":1152,"comment_status":"closed","ping_status":"closed","template":"","meta":[],"product_cat":[28],"product_tag":[],"_links":{"self":[{"href":"https:\/\/sumplast.com\/pl\/wp-json\/wp\/v2\/product\/1324"}],"collection":[{"href":"https:\/\/sumplast.com\/pl\/wp-json\/wp\/v2\/product"}],"about":[{"href":"https:\/\/sumplast.com\/pl\/wp-json\/wp\/v2\/types\/product"}],"replies":[{"embeddable":true,"href":"https:\/\/sumplast.com\/pl\/wp-json\/wp\/v2\/comments?post=1324"}],"wp:featuredmedia":[{"embeddable":true,"href":"https:\/\/sumplast.com\/pl\/wp-json\/wp\/v2\/media\/1152"}],"wp:attachment":[{"href":"https:\/\/sumplast.com\/pl\/wp-json\/wp\/v2\/media?parent=1324"}],"wp:term":[{"taxonomy":"product_cat","embeddable":true,"href":"https:\/\/sumplast.com\/pl\/wp-json\/wp\/v2\/product_cat?post=1324"},{"taxonomy":"product_tag","embeddable":true,"href":"https:\/\/sumplast.com\/pl\/wp-json\/wp\/v2\/product_tag?post=1324"}],"curies":[{"name":"wp","href":"https:\/\/api.w.org\/{rel}","templated":true}]}}