{"id":1329,"date":"2015-10-14T02:21:58","date_gmt":"2015-10-14T02:21:58","guid":{"rendered":"https:\/\/sumplast.com\/pl\/?post_type=product&#038;p=1329"},"modified":"2015-10-14T02:21:58","modified_gmt":"2015-10-14T02:21:58","slug":"karmidelko-miska-dla-myszki","status":"publish","type":"product","link":"https:\/\/sumplast.com\/pl\/product\/karmidelko-miska-dla-myszki\/","title":{"rendered":"Karmide\u0142ko dla Myszki"},"content":{"rendered":"<p>D\u0142ugo\u015b\u0107: 7.0cm;<br \/>\nSzeroko\u015b\u0107:7.0cm;<br \/>\nWysko\u015b\u0107: 3.5cm<\/p>\n","protected":false},"excerpt":{"rendered":"<p>D\u0142ugo\u015b\u0107: 7.0cm; Szeroko\u015b\u0107:7.0cm; Wysko\u015b\u0107: 3.5cm<\/p>\n","protected":false},"featured_media":1163,"comment_status":"closed","ping_status":"closed","template":"","meta":[],"product_cat":[28],"product_tag":[],"_links":{"self":[{"href":"https:\/\/sumplast.com\/pl\/wp-json\/wp\/v2\/product\/1329"}],"collection":[{"href":"https:\/\/sumplast.com\/pl\/wp-json\/wp\/v2\/product"}],"about":[{"href":"https:\/\/sumplast.com\/pl\/wp-json\/wp\/v2\/types\/product"}],"replies":[{"embeddable":true,"href":"https:\/\/sumplast.com\/pl\/wp-json\/wp\/v2\/comments?post=1329"}],"wp:featuredmedia":[{"embeddable":true,"href":"https:\/\/sumplast.com\/pl\/wp-json\/wp\/v2\/media\/1163"}],"wp:attachment":[{"href":"https:\/\/sumplast.com\/pl\/wp-json\/wp\/v2\/media?parent=1329"}],"wp:term":[{"taxonomy":"product_cat","embeddable":true,"href":"https:\/\/sumplast.com\/pl\/wp-json\/wp\/v2\/product_cat?post=1329"},{"taxonomy":"product_tag","embeddable":true,"href":"https:\/\/sumplast.com\/pl\/wp-json\/wp\/v2\/product_tag?post=1329"}],"curies":[{"name":"wp","href":"https:\/\/api.w.org\/{rel}","templated":true}]}}