{"id":1331,"date":"2015-10-14T02:24:25","date_gmt":"2015-10-14T02:24:25","guid":{"rendered":"https:\/\/sumplast.com\/pl\/?post_type=product&#038;p=1331"},"modified":"2015-10-14T02:24:25","modified_gmt":"2015-10-14T02:24:25","slug":"domek-dla-chomika-maly","status":"publish","type":"product","link":"https:\/\/sumplast.com\/pl\/product\/domek-dla-chomika-maly\/","title":{"rendered":"Domek dla Chomika Ma\u0142y"},"content":{"rendered":"<p>D\u0142ugo\u015b\u0107: 13.2cm;<br \/>\nSzeroko\u015b\u0107: 12cm;<br \/>\nWysoko\u015b\u0107: 13.3cm<\/p>\n","protected":false},"excerpt":{"rendered":"<p>D\u0142ugo\u015b\u0107: 13.2cm; Szeroko\u015b\u0107: 12cm; Wysoko\u015b\u0107: 13.3cm<\/p>\n","protected":false},"featured_media":1159,"comment_status":"closed","ping_status":"closed","template":"","meta":[],"product_cat":[28],"product_tag":[],"_links":{"self":[{"href":"https:\/\/sumplast.com\/pl\/wp-json\/wp\/v2\/product\/1331"}],"collection":[{"href":"https:\/\/sumplast.com\/pl\/wp-json\/wp\/v2\/product"}],"about":[{"href":"https:\/\/sumplast.com\/pl\/wp-json\/wp\/v2\/types\/product"}],"replies":[{"embeddable":true,"href":"https:\/\/sumplast.com\/pl\/wp-json\/wp\/v2\/comments?post=1331"}],"wp:featuredmedia":[{"embeddable":true,"href":"https:\/\/sumplast.com\/pl\/wp-json\/wp\/v2\/media\/1159"}],"wp:attachment":[{"href":"https:\/\/sumplast.com\/pl\/wp-json\/wp\/v2\/media?parent=1331"}],"wp:term":[{"taxonomy":"product_cat","embeddable":true,"href":"https:\/\/sumplast.com\/pl\/wp-json\/wp\/v2\/product_cat?post=1331"},{"taxonomy":"product_tag","embeddable":true,"href":"https:\/\/sumplast.com\/pl\/wp-json\/wp\/v2\/product_tag?post=1331"}],"curies":[{"name":"wp","href":"https:\/\/api.w.org\/{rel}","templated":true}]}}