{"id":1334,"date":"2015-10-14T02:27:26","date_gmt":"2015-10-14T02:27:26","guid":{"rendered":"https:\/\/sumplast.com\/pl\/?post_type=product&#038;p=1334"},"modified":"2015-10-14T02:27:26","modified_gmt":"2015-10-14T02:27:26","slug":"karmidelko-dla-chomika","status":"publish","type":"product","link":"https:\/\/sumplast.com\/pl\/product\/karmidelko-dla-chomika\/","title":{"rendered":"Karmide\u0142ko dla Chomika"},"content":{"rendered":"<p>D\u0142ugo\u015b\u0107: 10.7cm;<br \/>\nSzeroko\u015b\u0107:\u00a0 7.8cm;<br \/>\nWysoko\u015b\u0107: 3.1cm<\/p>\n","protected":false},"excerpt":{"rendered":"<p>D\u0142ugo\u015b\u0107: 10.7cm; Szeroko\u015b\u0107:\u00a0 7.8cm; Wysoko\u015b\u0107: 3.1cm<\/p>\n","protected":false},"featured_media":1161,"comment_status":"closed","ping_status":"closed","template":"","meta":[],"product_cat":[28],"product_tag":[],"_links":{"self":[{"href":"https:\/\/sumplast.com\/pl\/wp-json\/wp\/v2\/product\/1334"}],"collection":[{"href":"https:\/\/sumplast.com\/pl\/wp-json\/wp\/v2\/product"}],"about":[{"href":"https:\/\/sumplast.com\/pl\/wp-json\/wp\/v2\/types\/product"}],"replies":[{"embeddable":true,"href":"https:\/\/sumplast.com\/pl\/wp-json\/wp\/v2\/comments?post=1334"}],"wp:featuredmedia":[{"embeddable":true,"href":"https:\/\/sumplast.com\/pl\/wp-json\/wp\/v2\/media\/1161"}],"wp:attachment":[{"href":"https:\/\/sumplast.com\/pl\/wp-json\/wp\/v2\/media?parent=1334"}],"wp:term":[{"taxonomy":"product_cat","embeddable":true,"href":"https:\/\/sumplast.com\/pl\/wp-json\/wp\/v2\/product_cat?post=1334"},{"taxonomy":"product_tag","embeddable":true,"href":"https:\/\/sumplast.com\/pl\/wp-json\/wp\/v2\/product_tag?post=1334"}],"curies":[{"name":"wp","href":"https:\/\/api.w.org\/{rel}","templated":true}]}}