{"id":1362,"date":"2015-10-25T20:04:46","date_gmt":"2015-10-25T20:04:46","guid":{"rendered":"https:\/\/sumplast.com\/pl\/?post_type=product&#038;p=1362"},"modified":"2015-10-25T20:04:46","modified_gmt":"2015-10-25T20:04:46","slug":"lopatka-dla-kota-z-plastiku-mala","status":"publish","type":"product","link":"https:\/\/sumplast.com\/pl\/product\/lopatka-dla-kota-z-plastiku-mala\/","title":{"rendered":"\u0141opatka Ma\u0142a"},"content":{"rendered":"<p>Plastikowa, uniwesalna \u0142opatka do produkt\u00f3w sypkich.<\/p>\n","protected":false},"excerpt":{"rendered":"<p>Plastikowa, uniwesalna \u0142opatka do produkt\u00f3w sypkich.<\/p>\n","protected":false},"featured_media":1156,"comment_status":"closed","ping_status":"closed","template":"","meta":[],"product_cat":[28],"product_tag":[],"_links":{"self":[{"href":"https:\/\/sumplast.com\/pl\/wp-json\/wp\/v2\/product\/1362"}],"collection":[{"href":"https:\/\/sumplast.com\/pl\/wp-json\/wp\/v2\/product"}],"about":[{"href":"https:\/\/sumplast.com\/pl\/wp-json\/wp\/v2\/types\/product"}],"replies":[{"embeddable":true,"href":"https:\/\/sumplast.com\/pl\/wp-json\/wp\/v2\/comments?post=1362"}],"wp:featuredmedia":[{"embeddable":true,"href":"https:\/\/sumplast.com\/pl\/wp-json\/wp\/v2\/media\/1156"}],"wp:attachment":[{"href":"https:\/\/sumplast.com\/pl\/wp-json\/wp\/v2\/media?parent=1362"}],"wp:term":[{"taxonomy":"product_cat","embeddable":true,"href":"https:\/\/sumplast.com\/pl\/wp-json\/wp\/v2\/product_cat?post=1362"},{"taxonomy":"product_tag","embeddable":true,"href":"https:\/\/sumplast.com\/pl\/wp-json\/wp\/v2\/product_tag?post=1362"}],"curies":[{"name":"wp","href":"https:\/\/api.w.org\/{rel}","templated":true}]}}