{"id":1363,"date":"2015-10-25T20:09:31","date_gmt":"2015-10-25T20:09:31","guid":{"rendered":"https:\/\/sumplast.com\/pl\/?post_type=product&#038;p=1363"},"modified":"2015-10-25T20:09:31","modified_gmt":"2015-10-25T20:09:31","slug":"lopatka-duza","status":"publish","type":"product","link":"https:\/\/sumplast.com\/pl\/product\/lopatka-duza\/","title":{"rendered":"\u0141opatka Du\u017ca"},"content":{"rendered":"<p>Plastikowa, uniwesalna \u0142opatka do produkt\u00f3w sypkich.<\/p>\n","protected":false},"excerpt":{"rendered":"<p>Plastikowa, uniwesalna \u0142opatka do produkt\u00f3w sypkich.<\/p>\n","protected":false},"featured_media":1155,"comment_status":"closed","ping_status":"closed","template":"","meta":[],"product_cat":[28],"product_tag":[],"_links":{"self":[{"href":"https:\/\/sumplast.com\/pl\/wp-json\/wp\/v2\/product\/1363"}],"collection":[{"href":"https:\/\/sumplast.com\/pl\/wp-json\/wp\/v2\/product"}],"about":[{"href":"https:\/\/sumplast.com\/pl\/wp-json\/wp\/v2\/types\/product"}],"replies":[{"embeddable":true,"href":"https:\/\/sumplast.com\/pl\/wp-json\/wp\/v2\/comments?post=1363"}],"wp:featuredmedia":[{"embeddable":true,"href":"https:\/\/sumplast.com\/pl\/wp-json\/wp\/v2\/media\/1155"}],"wp:attachment":[{"href":"https:\/\/sumplast.com\/pl\/wp-json\/wp\/v2\/media?parent=1363"}],"wp:term":[{"taxonomy":"product_cat","embeddable":true,"href":"https:\/\/sumplast.com\/pl\/wp-json\/wp\/v2\/product_cat?post=1363"},{"taxonomy":"product_tag","embeddable":true,"href":"https:\/\/sumplast.com\/pl\/wp-json\/wp\/v2\/product_tag?post=1363"}],"curies":[{"name":"wp","href":"https:\/\/api.w.org\/{rel}","templated":true}]}}