{"id":1364,"date":"2015-10-25T20:11:01","date_gmt":"2015-10-25T20:11:01","guid":{"rendered":"https:\/\/sumplast.com\/pl\/?post_type=product&#038;p=1364"},"modified":"2015-10-25T20:16:08","modified_gmt":"2015-10-25T20:16:08","slug":"kuweta-dla-kota-duza","status":"publish","type":"product","link":"https:\/\/sumplast.com\/pl\/product\/kuweta-dla-kota-duza\/","title":{"rendered":"Kuweta dla Kota Du\u017ca"},"content":{"rendered":"<p>Szeroko\u015b\u0107 45.0cm;<br \/>\nSzeroko\u015b\u0107 33.5cm;<br \/>\nWysoko\u015b\u0107 14.0cm<\/p>\n","protected":false},"excerpt":{"rendered":"<p>Szeroko\u015b\u0107 45.0cm; Szeroko\u015b\u0107 33.5cm; Wysoko\u015b\u0107 14.0cm<\/p>\n","protected":false},"featured_media":1154,"comment_status":"closed","ping_status":"closed","template":"","meta":[],"product_cat":[28],"product_tag":[],"_links":{"self":[{"href":"https:\/\/sumplast.com\/pl\/wp-json\/wp\/v2\/product\/1364"}],"collection":[{"href":"https:\/\/sumplast.com\/pl\/wp-json\/wp\/v2\/product"}],"about":[{"href":"https:\/\/sumplast.com\/pl\/wp-json\/wp\/v2\/types\/product"}],"replies":[{"embeddable":true,"href":"https:\/\/sumplast.com\/pl\/wp-json\/wp\/v2\/comments?post=1364"}],"wp:featuredmedia":[{"embeddable":true,"href":"https:\/\/sumplast.com\/pl\/wp-json\/wp\/v2\/media\/1154"}],"wp:attachment":[{"href":"https:\/\/sumplast.com\/pl\/wp-json\/wp\/v2\/media?parent=1364"}],"wp:term":[{"taxonomy":"product_cat","embeddable":true,"href":"https:\/\/sumplast.com\/pl\/wp-json\/wp\/v2\/product_cat?post=1364"},{"taxonomy":"product_tag","embeddable":true,"href":"https:\/\/sumplast.com\/pl\/wp-json\/wp\/v2\/product_tag?post=1364"}],"curies":[{"name":"wp","href":"https:\/\/api.w.org\/{rel}","templated":true}]}}