{"id":1368,"date":"2015-10-25T20:17:45","date_gmt":"2015-10-25T20:17:45","guid":{"rendered":"https:\/\/sumplast.com\/pl\/?post_type=product&#038;p=1368"},"modified":"2015-10-25T20:17:45","modified_gmt":"2015-10-25T20:17:45","slug":"poidelko-dla-ptakow","status":"publish","type":"product","link":"https:\/\/sumplast.com\/pl\/product\/poidelko-dla-ptakow\/","title":{"rendered":"Poide\u0142ko dla ptak\u00f3w"},"content":{"rendered":"<p>Wysoko\u015b\u0107: 15cm<\/p>\n","protected":false},"excerpt":{"rendered":"<p>Wysoko\u015b\u0107: 15cm<\/p>\n","protected":false},"featured_media":1173,"comment_status":"closed","ping_status":"closed","template":"","meta":[],"product_cat":[28],"product_tag":[],"_links":{"self":[{"href":"https:\/\/sumplast.com\/pl\/wp-json\/wp\/v2\/product\/1368"}],"collection":[{"href":"https:\/\/sumplast.com\/pl\/wp-json\/wp\/v2\/product"}],"about":[{"href":"https:\/\/sumplast.com\/pl\/wp-json\/wp\/v2\/types\/product"}],"replies":[{"embeddable":true,"href":"https:\/\/sumplast.com\/pl\/wp-json\/wp\/v2\/comments?post=1368"}],"wp:featuredmedia":[{"embeddable":true,"href":"https:\/\/sumplast.com\/pl\/wp-json\/wp\/v2\/media\/1173"}],"wp:attachment":[{"href":"https:\/\/sumplast.com\/pl\/wp-json\/wp\/v2\/media?parent=1368"}],"wp:term":[{"taxonomy":"product_cat","embeddable":true,"href":"https:\/\/sumplast.com\/pl\/wp-json\/wp\/v2\/product_cat?post=1368"},{"taxonomy":"product_tag","embeddable":true,"href":"https:\/\/sumplast.com\/pl\/wp-json\/wp\/v2\/product_tag?post=1368"}],"curies":[{"name":"wp","href":"https:\/\/api.w.org\/{rel}","templated":true}]}}