{"id":1371,"date":"2015-10-25T20:21:33","date_gmt":"2015-10-25T20:21:33","guid":{"rendered":"https:\/\/sumplast.com\/pl\/?post_type=product&#038;p=1371"},"modified":"2015-10-25T20:21:33","modified_gmt":"2015-10-25T20:21:33","slug":"karmidelko-dla-ptakow","status":"publish","type":"product","link":"https:\/\/sumplast.com\/pl\/product\/karmidelko-dla-ptakow\/","title":{"rendered":"Karmide\u0142ko dla Ptak\u00f3w"},"content":{"rendered":"<p>D\u0142ugo\u015b\u0107 9.0cm;<br \/>\nSzeroko\u015b\u0107 7.5cm;<br \/>\nWysoko\u015b\u0107 7.8cm<\/p>\n","protected":false},"excerpt":{"rendered":"<p>D\u0142ugo\u015b\u0107 9.0cm; Szeroko\u015b\u0107 7.5cm; Wysoko\u015b\u0107 7.8cm<\/p>\n","protected":false},"featured_media":1172,"comment_status":"closed","ping_status":"closed","template":"","meta":[],"product_cat":[28],"product_tag":[],"_links":{"self":[{"href":"https:\/\/sumplast.com\/pl\/wp-json\/wp\/v2\/product\/1371"}],"collection":[{"href":"https:\/\/sumplast.com\/pl\/wp-json\/wp\/v2\/product"}],"about":[{"href":"https:\/\/sumplast.com\/pl\/wp-json\/wp\/v2\/types\/product"}],"replies":[{"embeddable":true,"href":"https:\/\/sumplast.com\/pl\/wp-json\/wp\/v2\/comments?post=1371"}],"wp:featuredmedia":[{"embeddable":true,"href":"https:\/\/sumplast.com\/pl\/wp-json\/wp\/v2\/media\/1172"}],"wp:attachment":[{"href":"https:\/\/sumplast.com\/pl\/wp-json\/wp\/v2\/media?parent=1371"}],"wp:term":[{"taxonomy":"product_cat","embeddable":true,"href":"https:\/\/sumplast.com\/pl\/wp-json\/wp\/v2\/product_cat?post=1371"},{"taxonomy":"product_tag","embeddable":true,"href":"https:\/\/sumplast.com\/pl\/wp-json\/wp\/v2\/product_tag?post=1371"}],"curies":[{"name":"wp","href":"https:\/\/api.w.org\/{rel}","templated":true}]}}