{"id":1372,"date":"2015-10-25T20:24:27","date_gmt":"2015-10-25T20:24:27","guid":{"rendered":"https:\/\/sumplast.com\/pl\/?post_type=product&#038;p=1372"},"modified":"2015-10-25T20:24:27","modified_gmt":"2015-10-25T20:24:27","slug":"karmidelko-dla-ptakow-3-czesciowe","status":"publish","type":"product","link":"https:\/\/sumplast.com\/pl\/product\/karmidelko-dla-ptakow-3-czesciowe\/","title":{"rendered":"Karmide\u0142ko dla Ptak\u00f3w (3 cze\u015bciowe)"},"content":{"rendered":"<p>D\u0142ugo\u015b\u0107 9.0cm;<br \/>\nSzeroko\u015b\u0107 7.3cm;<br \/>\nWysoko\u015b\u0107 7.5cm<\/p>\n","protected":false},"excerpt":{"rendered":"<p>D\u0142ugo\u015b\u0107 9.0cm; Szeroko\u015b\u0107 7.3cm; Wysoko\u015b\u0107 7.5cm<\/p>\n","protected":false},"featured_media":1171,"comment_status":"closed","ping_status":"closed","template":"","meta":[],"product_cat":[28],"product_tag":[],"_links":{"self":[{"href":"https:\/\/sumplast.com\/pl\/wp-json\/wp\/v2\/product\/1372"}],"collection":[{"href":"https:\/\/sumplast.com\/pl\/wp-json\/wp\/v2\/product"}],"about":[{"href":"https:\/\/sumplast.com\/pl\/wp-json\/wp\/v2\/types\/product"}],"replies":[{"embeddable":true,"href":"https:\/\/sumplast.com\/pl\/wp-json\/wp\/v2\/comments?post=1372"}],"wp:featuredmedia":[{"embeddable":true,"href":"https:\/\/sumplast.com\/pl\/wp-json\/wp\/v2\/media\/1171"}],"wp:attachment":[{"href":"https:\/\/sumplast.com\/pl\/wp-json\/wp\/v2\/media?parent=1372"}],"wp:term":[{"taxonomy":"product_cat","embeddable":true,"href":"https:\/\/sumplast.com\/pl\/wp-json\/wp\/v2\/product_cat?post=1372"},{"taxonomy":"product_tag","embeddable":true,"href":"https:\/\/sumplast.com\/pl\/wp-json\/wp\/v2\/product_tag?post=1372"}],"curies":[{"name":"wp","href":"https:\/\/api.w.org\/{rel}","templated":true}]}}