{"id":1377,"date":"2015-10-25T20:35:13","date_gmt":"2015-10-25T20:35:13","guid":{"rendered":"https:\/\/sumplast.com\/pl\/?post_type=product&#038;p=1377"},"modified":"2015-10-25T20:35:13","modified_gmt":"2015-10-25T20:35:13","slug":"kosc-gryzak-18-5cm","status":"publish","type":"product","link":"https:\/\/sumplast.com\/pl\/product\/kosc-gryzak-18-5cm\/","title":{"rendered":"Ko\u015b\u0107 Gryzak 18.5cm"},"content":{"rendered":"<p>D\u0142ugo\u015b\u0107: 18.5cm<\/p>\n","protected":false},"excerpt":{"rendered":"<p>D\u0142ugo\u015b\u0107: 18.5cm<\/p>\n","protected":false},"featured_media":1091,"comment_status":"closed","ping_status":"closed","template":"","meta":[],"product_cat":[27],"product_tag":[],"_links":{"self":[{"href":"https:\/\/sumplast.com\/pl\/wp-json\/wp\/v2\/product\/1377"}],"collection":[{"href":"https:\/\/sumplast.com\/pl\/wp-json\/wp\/v2\/product"}],"about":[{"href":"https:\/\/sumplast.com\/pl\/wp-json\/wp\/v2\/types\/product"}],"replies":[{"embeddable":true,"href":"https:\/\/sumplast.com\/pl\/wp-json\/wp\/v2\/comments?post=1377"}],"wp:featuredmedia":[{"embeddable":true,"href":"https:\/\/sumplast.com\/pl\/wp-json\/wp\/v2\/media\/1091"}],"wp:attachment":[{"href":"https:\/\/sumplast.com\/pl\/wp-json\/wp\/v2\/media?parent=1377"}],"wp:term":[{"taxonomy":"product_cat","embeddable":true,"href":"https:\/\/sumplast.com\/pl\/wp-json\/wp\/v2\/product_cat?post=1377"},{"taxonomy":"product_tag","embeddable":true,"href":"https:\/\/sumplast.com\/pl\/wp-json\/wp\/v2\/product_tag?post=1377"}],"curies":[{"name":"wp","href":"https:\/\/api.w.org\/{rel}","templated":true}]}}