{"id":1885,"date":"2026-05-05T13:07:59","date_gmt":"2026-05-05T17:07:59","guid":{"rendered":"https:\/\/sumplast.com\/?post_type=product&#038;p=1885"},"modified":"2026-05-05T15:43:42","modified_gmt":"2026-05-05T19:43:42","slug":"zabawka-na-smakolyki-4-sp","status":"publish","type":"product","link":"https:\/\/sumplast.com\/pl\/product\/zabawka-na-smakolyki-4-sp\/","title":{"rendered":"Zabawka na Smako\u0142yki"},"content":{"rendered":"<p>D\u0142ugo\u015b\u0107 10,5 cm (4.13 in)<\/p>\n","protected":false},"excerpt":{"rendered":"<p>D\u0142ugo\u015b\u0107 10,5 cm (4.13 in)<\/p>\n","protected":false},"featured_media":1883,"comment_status":"closed","ping_status":"closed","template":"","meta":[],"product_cat":[27],"product_tag":[],"_links":{"self":[{"href":"https:\/\/sumplast.com\/pl\/wp-json\/wp\/v2\/product\/1885"}],"collection":[{"href":"https:\/\/sumplast.com\/pl\/wp-json\/wp\/v2\/product"}],"about":[{"href":"https:\/\/sumplast.com\/pl\/wp-json\/wp\/v2\/types\/product"}],"replies":[{"embeddable":true,"href":"https:\/\/sumplast.com\/pl\/wp-json\/wp\/v2\/comments?post=1885"}],"wp:featuredmedia":[{"embeddable":true,"href":"https:\/\/sumplast.com\/pl\/wp-json\/wp\/v2\/media\/1883"}],"wp:attachment":[{"href":"https:\/\/sumplast.com\/pl\/wp-json\/wp\/v2\/media?parent=1885"}],"wp:term":[{"taxonomy":"product_cat","embeddable":true,"href":"https:\/\/sumplast.com\/pl\/wp-json\/wp\/v2\/product_cat?post=1885"},{"taxonomy":"product_tag","embeddable":true,"href":"https:\/\/sumplast.com\/pl\/wp-json\/wp\/v2\/product_tag?post=1885"}],"curies":[{"name":"wp","href":"https:\/\/api.w.org\/{rel}","templated":true}]}}